{"id":43,"date":"2023-05-06T16:25:28","date_gmt":"2023-05-06T16:25:28","guid":{"rendered":"https:\/\/notoszok.pl\/sklep\/index.php\/strona-glowna\/"},"modified":"2025-10-10T11:38:57","modified_gmt":"2025-10-10T11:38:57","slug":"strona-glowna","status":"publish","type":"page","link":"https:\/\/notoszok.pl\/sklep\/index.php\/strona-glowna\/","title":{"rendered":"Aktualno\u015bci"},"content":{"rendered":"\n<h2 class=\"wp-block-heading has-text-align-center\"><\/h2>\n\n\n\n<p style=\"background-color:#e7266b;border-radius:10px;color:#fff;padding:10px\">Nasze soki stworzone s\u0105 z my\u015bl\u0105 o osobach, kt\u00f3re prowadz\u0105 aktywny tryb \u017cycia. Poniewa\u017c dla utrzymania dobrej kondycji i zapobiegania wielu chorobom, nale\u017cy codziennie spo\u017cywa\u0107 ok. 400 g owoc\u00f3w i warzyw. \n<br>\nNajlepszym i jednocze\u015bnie najta\u0144szym rozwi\u0105zaniem jest szklanka soku!\nNajlepiej nie jedna. Wa\u017cne, aby w niej by\u0142 produkt pe\u0142nowarto\u015bciowy, a do takich nale\u017cy zaliczy\u0107 soki NFC. \n<br>\nCo to znaczy? \u201eNot from concentrate\u201d &#8211; bez koncentratu, polepszaczy smaku i cukru.\nNasze produkty s\u0105 wytwarzane z wysegregowanych owoc\u00f3w i warzyw spe\u0142niaj\u0105cych najwy\u017csze normy jako\u015bci. <\/p>\n","protected":false},"excerpt":{"rendered":"<p>Nasze soki stworzone s\u0105 z my\u015bl\u0105 o osobach, kt\u00f3re prowadz\u0105 aktywny tryb \u017cycia. Poniewa\u017c dla utrzymania dobrej kondycji i zapobiegania wielu chorobom, nale\u017cy codziennie spo\u017cywa\u0107 ok. 400 g owoc\u00f3w i warzyw. Najlepszym i jednocze\u015bnie najta\u0144szym rozwi\u0105zaniem jest szklanka soku! Najlepiej nie jedna. Wa\u017cne, aby w niej by\u0142 produkt pe\u0142nowarto\u015bciowy, a do takich nale\u017cy zaliczy\u0107 soki [&hellip;]<\/p>\n","protected":false},"author":1,"featured_media":0,"parent":0,"menu_order":1,"comment_status":"closed","ping_status":"closed","template":"template-fullwidth.php","meta":{"footnotes":""},"class_list":["post-43","page","type-page","status-publish","hentry"],"yoast_head":"<!-- This site is optimized with the Yoast SEO plugin v27.1.1 - https:\/\/yoast.com\/product\/yoast-seo-wordpress\/ -->\n<title>Aktualno\u015bci - NoToSzOK! Sklep<\/title>\n<meta name=\"description\" content=\"NoToSzOK - owocowy dla organizmu oczywi\u015bcie!! Nasze soki s\u0105 stworzone z my\u015bl\u0105 o osobach, kt\u00f3re prowadz\u0105 aktywny tryb \u017cycia.\" \/>\n<meta name=\"robots\" content=\"index, follow, max-snippet:-1, max-image-preview:large, max-video-preview:-1\" \/>\n<link rel=\"canonical\" href=\"https:\/\/notoszok.pl\/sklep\/index.php\/strona-glowna\/\" \/>\n<meta property=\"og:locale\" content=\"pl_PL\" \/>\n<meta property=\"og:type\" content=\"article\" \/>\n<meta property=\"og:title\" content=\"Aktualno\u015bci - NoToSzOK! Sklep\" \/>\n<meta property=\"og:description\" content=\"NoToSzOK - owocowy dla organizmu oczywi\u015bcie!! Nasze soki s\u0105 stworzone z my\u015bl\u0105 o osobach, kt\u00f3re prowadz\u0105 aktywny tryb \u017cycia.\" \/>\n<meta property=\"og:url\" content=\"https:\/\/notoszok.pl\/sklep\/index.php\/strona-glowna\/\" \/>\n<meta property=\"og:site_name\" content=\"NoToSzOK! Sklep\" \/>\n<meta property=\"article:modified_time\" content=\"2025-10-10T11:38:57+00:00\" \/>\n<meta name=\"twitter:card\" content=\"summary_large_image\" \/>\n<meta name=\"twitter:label1\" content=\"Szacowany czas czytania\" \/>\n\t<meta name=\"twitter:data1\" content=\"1 minuta\" \/>\n<script type=\"application\/ld+json\" class=\"yoast-schema-graph\">{\"@context\":\"https:\/\/schema.org\",\"@graph\":[{\"@type\":\"WebPage\",\"@id\":\"https:\/\/notoszok.pl\/sklep\/index.php\/strona-glowna\/\",\"url\":\"https:\/\/notoszok.pl\/sklep\/index.php\/strona-glowna\/\",\"name\":\"Aktualno\u015bci - NoToSzOK! Sklep\",\"isPartOf\":{\"@id\":\"https:\/\/notoszok.pl\/sklep\/#website\"},\"datePublished\":\"2023-05-06T16:25:28+00:00\",\"dateModified\":\"2025-10-10T11:38:57+00:00\",\"description\":\"NoToSzOK - owocowy dla organizmu oczywi\u015bcie!! Nasze soki s\u0105 stworzone z my\u015bl\u0105 o osobach, kt\u00f3re prowadz\u0105 aktywny tryb \u017cycia.\",\"breadcrumb\":{\"@id\":\"https:\/\/notoszok.pl\/sklep\/index.php\/strona-glowna\/#breadcrumb\"},\"inLanguage\":\"pl-PL\",\"potentialAction\":[{\"@type\":\"ReadAction\",\"target\":[\"https:\/\/notoszok.pl\/sklep\/index.php\/strona-glowna\/\"]}]},{\"@type\":\"BreadcrumbList\",\"@id\":\"https:\/\/notoszok.pl\/sklep\/index.php\/strona-glowna\/#breadcrumb\",\"itemListElement\":[{\"@type\":\"ListItem\",\"position\":1,\"name\":\"Strona g\u0142\u00f3wna\",\"item\":\"https:\/\/notoszok.pl\/sklep\/\"},{\"@type\":\"ListItem\",\"position\":2,\"name\":\"Aktualno\u015bci\"}]},{\"@type\":\"WebSite\",\"@id\":\"https:\/\/notoszok.pl\/sklep\/#website\",\"url\":\"https:\/\/notoszok.pl\/sklep\/\",\"name\":\"NoToSzOK! Sklep\",\"description\":\"Soki Naturalne\",\"publisher\":{\"@id\":\"https:\/\/notoszok.pl\/sklep\/#organization\"},\"potentialAction\":[{\"@type\":\"SearchAction\",\"target\":{\"@type\":\"EntryPoint\",\"urlTemplate\":\"https:\/\/notoszok.pl\/sklep\/?s={search_term_string}\"},\"query-input\":{\"@type\":\"PropertyValueSpecification\",\"valueRequired\":true,\"valueName\":\"search_term_string\"}}],\"inLanguage\":\"pl-PL\"},{\"@type\":\"Organization\",\"@id\":\"https:\/\/notoszok.pl\/sklep\/#organization\",\"name\":\"NoToSzOK! Sklep\",\"url\":\"https:\/\/notoszok.pl\/sklep\/\",\"logo\":{\"@type\":\"ImageObject\",\"inLanguage\":\"pl-PL\",\"@id\":\"https:\/\/notoszok.pl\/sklep\/#\/schema\/logo\/image\/\",\"url\":\"https:\/\/notoszok.pl\/sklep\/wp-content\/uploads\/2023\/05\/notoszok-kolorowe-logo.png\",\"contentUrl\":\"https:\/\/notoszok.pl\/sklep\/wp-content\/uploads\/2023\/05\/notoszok-kolorowe-logo.png\",\"width\":1920,\"height\":2136,\"caption\":\"NoToSzOK! Sklep\"},\"image\":{\"@id\":\"https:\/\/notoszok.pl\/sklep\/#\/schema\/logo\/image\/\"}}]}<\/script>\n<!-- \/ Yoast SEO plugin. -->","yoast_head_json":{"title":"Aktualno\u015bci - NoToSzOK! Sklep","description":"NoToSzOK - owocowy dla organizmu oczywi\u015bcie!! Nasze soki s\u0105 stworzone z my\u015bl\u0105 o osobach, kt\u00f3re prowadz\u0105 aktywny tryb \u017cycia.","robots":{"index":"index","follow":"follow","max-snippet":"max-snippet:-1","max-image-preview":"max-image-preview:large","max-video-preview":"max-video-preview:-1"},"canonical":"https:\/\/notoszok.pl\/sklep\/index.php\/strona-glowna\/","og_locale":"pl_PL","og_type":"article","og_title":"Aktualno\u015bci - NoToSzOK! Sklep","og_description":"NoToSzOK - owocowy dla organizmu oczywi\u015bcie!! Nasze soki s\u0105 stworzone z my\u015bl\u0105 o osobach, kt\u00f3re prowadz\u0105 aktywny tryb \u017cycia.","og_url":"https:\/\/notoszok.pl\/sklep\/index.php\/strona-glowna\/","og_site_name":"NoToSzOK! Sklep","article_modified_time":"2025-10-10T11:38:57+00:00","twitter_card":"summary_large_image","twitter_misc":{"Szacowany czas czytania":"1 minuta"},"schema":{"@context":"https:\/\/schema.org","@graph":[{"@type":"WebPage","@id":"https:\/\/notoszok.pl\/sklep\/index.php\/strona-glowna\/","url":"https:\/\/notoszok.pl\/sklep\/index.php\/strona-glowna\/","name":"Aktualno\u015bci - NoToSzOK! Sklep","isPartOf":{"@id":"https:\/\/notoszok.pl\/sklep\/#website"},"datePublished":"2023-05-06T16:25:28+00:00","dateModified":"2025-10-10T11:38:57+00:00","description":"NoToSzOK - owocowy dla organizmu oczywi\u015bcie!! Nasze soki s\u0105 stworzone z my\u015bl\u0105 o osobach, kt\u00f3re prowadz\u0105 aktywny tryb \u017cycia.","breadcrumb":{"@id":"https:\/\/notoszok.pl\/sklep\/index.php\/strona-glowna\/#breadcrumb"},"inLanguage":"pl-PL","potentialAction":[{"@type":"ReadAction","target":["https:\/\/notoszok.pl\/sklep\/index.php\/strona-glowna\/"]}]},{"@type":"BreadcrumbList","@id":"https:\/\/notoszok.pl\/sklep\/index.php\/strona-glowna\/#breadcrumb","itemListElement":[{"@type":"ListItem","position":1,"name":"Strona g\u0142\u00f3wna","item":"https:\/\/notoszok.pl\/sklep\/"},{"@type":"ListItem","position":2,"name":"Aktualno\u015bci"}]},{"@type":"WebSite","@id":"https:\/\/notoszok.pl\/sklep\/#website","url":"https:\/\/notoszok.pl\/sklep\/","name":"NoToSzOK! Sklep","description":"Soki Naturalne","publisher":{"@id":"https:\/\/notoszok.pl\/sklep\/#organization"},"potentialAction":[{"@type":"SearchAction","target":{"@type":"EntryPoint","urlTemplate":"https:\/\/notoszok.pl\/sklep\/?s={search_term_string}"},"query-input":{"@type":"PropertyValueSpecification","valueRequired":true,"valueName":"search_term_string"}}],"inLanguage":"pl-PL"},{"@type":"Organization","@id":"https:\/\/notoszok.pl\/sklep\/#organization","name":"NoToSzOK! Sklep","url":"https:\/\/notoszok.pl\/sklep\/","logo":{"@type":"ImageObject","inLanguage":"pl-PL","@id":"https:\/\/notoszok.pl\/sklep\/#\/schema\/logo\/image\/","url":"https:\/\/notoszok.pl\/sklep\/wp-content\/uploads\/2023\/05\/notoszok-kolorowe-logo.png","contentUrl":"https:\/\/notoszok.pl\/sklep\/wp-content\/uploads\/2023\/05\/notoszok-kolorowe-logo.png","width":1920,"height":2136,"caption":"NoToSzOK! Sklep"},"image":{"@id":"https:\/\/notoszok.pl\/sklep\/#\/schema\/logo\/image\/"}}]}},"jetpack_sharing_enabled":true,"_links":{"self":[{"href":"https:\/\/notoszok.pl\/sklep\/index.php\/wp-json\/wp\/v2\/pages\/43","targetHints":{"allow":["GET"]}}],"collection":[{"href":"https:\/\/notoszok.pl\/sklep\/index.php\/wp-json\/wp\/v2\/pages"}],"about":[{"href":"https:\/\/notoszok.pl\/sklep\/index.php\/wp-json\/wp\/v2\/types\/page"}],"author":[{"embeddable":true,"href":"https:\/\/notoszok.pl\/sklep\/index.php\/wp-json\/wp\/v2\/users\/1"}],"replies":[{"embeddable":true,"href":"https:\/\/notoszok.pl\/sklep\/index.php\/wp-json\/wp\/v2\/comments?post=43"}],"version-history":[{"count":12,"href":"https:\/\/notoszok.pl\/sklep\/index.php\/wp-json\/wp\/v2\/pages\/43\/revisions"}],"predecessor-version":[{"id":753,"href":"https:\/\/notoszok.pl\/sklep\/index.php\/wp-json\/wp\/v2\/pages\/43\/revisions\/753"}],"wp:attachment":[{"href":"https:\/\/notoszok.pl\/sklep\/index.php\/wp-json\/wp\/v2\/media?parent=43"}],"curies":[{"name":"wp","href":"https:\/\/api.w.org\/{rel}","templated":true}]}}