{"id":114,"date":"2023-06-20T21:21:45","date_gmt":"2023-06-20T21:21:45","guid":{"rendered":"https:\/\/notoszok.pl\/sklep\/?post_type=product&#038;p=114"},"modified":"2026-03-08T17:15:47","modified_gmt":"2026-03-08T17:15:47","slug":"sok-jablko-mieta-3l-wklad","status":"publish","type":"product","link":"https:\/\/notoszok.pl\/sklep\/index.php\/produkt\/sok-jablko-mieta-3l-wklad\/","title":{"rendered":"Sok jab\u0142kowy z MI\u0118T\u0104 3L &#8211; Wk\u0142ad 1 szt."},"content":{"rendered":"<h1 style=\"text-align: center;\"><strong>Naturalny Sok T\u0142oczony Jab\u0142ko-Mi\u0119ta 3 L<\/strong><\/h1>\n<p style=\"text-align: center;\">Cena za litr &#8211; 10 z\u0142 za litr<\/p>\n<p style=\"text-align: center;\">Sok bezpo\u015brednio t\u0142oczony. Pasteryzowany<br \/>\nSk\u0142adniki: <strong>Sok z jab\u0142ek 99%, Sok z mi\u0119ty 1%<\/strong><\/p>\n<h3 style=\"text-align: center;\"><strong>Mi\u0119ta, czy jest kto\u015b, kto nie zna tej ro\u015bliny ?<\/strong><\/h3>\n<p class=\"paragraph\" data-section=\"detail-body\">Z mi\u0119ty najcz\u0119\u015bciej wykorzystuje si\u0119 li\u015bcie i \u0142odygi w nieprzetworzonej formie lub na ich bazie przygotowywane s\u0105 napary, wyci\u0105gi i olejki eteryczne.<\/p>\n<p class=\"paragraph\" data-section=\"detail-body\">Nale\u017cy doda\u0107, \u017ce mi\u0119ta nie tylko mo\u017ce od\u015bwie\u017cy\u0107 oddech, ale tak\u017ce jest \u017ar\u00f3d\u0142em bogatym w <a id=\"9198c0d0-2505-42c8-ac71-e0773e6c9427\" href=\"https:\/\/www.medonet.pl\/zdrowie\/zdrowie-dla-kazdego,witamina-a---zrodla--wplyw-na-organizm--skutki-niedoboru-i-przedawkowania,artykul,1721642.html\" data-allow-layer=\"\">witaminy: A<\/a>, <a id=\"570e65bf-ef09-417e-a385-121943383e9a\" href=\"https:\/\/www.medonet.pl\/zdrowie\/wiadomosci,witamina-c--kwas-askorbinowy----niedobor-i-nadmiar-witaminy-c,artykul,1721541.html\" data-allow-layer=\"\">C<\/a>, <a id=\"a21eb57d-2f81-4cdb-9dea-48d014bfb872\" href=\"https:\/\/www.medonet.pl\/zdrowie,tiamina---niedobor--nadmiar--wystepowanie,artykul,1726794.html\" data-allow-layer=\"\">B1<\/a> i <a id=\"6c31131a-bf71-4a61-b68d-0e9f38a9cd5f\" href=\"https:\/\/www.medonet.pl\/ciaza-i-dziecko,kwas-foliowy---cena--wlasciwosci--nadmiar--niedobor,artykul,1732284.html\" data-allow-layer=\"\">B9<\/a> (kwas foliowy), oraz minera\u0142y: <a id=\"9251e48b-e7e3-4512-9032-eac77db28bc2\" href=\"https:\/\/www.medonet.pl\/zdrowie\/zdrowie-dla-kazdego,magnez---objawy-niedoboru--w-czym-jest--produkty-bogate-w-magnez,artykul,1719855.html\" data-allow-layer=\"\">magnez<\/a>, mangan, <a id=\"b1ee7ecd-efc6-4eca-abad-b07e59539fdb\" href=\"https:\/\/www.medonet.pl\/zdrowie\/diety,miedz---zapotrzebowanie--rola--nadmiar-i-niedobor-miedzi,artykul,1570221.html\" data-allow-layer=\"\">mied\u017a<\/a>, <a id=\"7fad3bc1-9c21-4cd9-b6a8-862baf326829\" href=\"https:\/\/www.medonet.pl\/badania,zelazo--fe-,artykul,1570152.html\" data-allow-layer=\"\">\u017celazo<\/a>, <a id=\"a6a75b60-9426-4738-be6f-094446b2611f\" href=\"https:\/\/www.medonet.pl\/zdrowie\/zdrowie-dla-kazdego,potas---wlasciwosci-w-organizmie--norma-i-niedobor,artykul,1721263.html\" data-allow-layer=\"\">potas<\/a>, <a id=\"509f8a23-19b8-4472-851a-0bb0edcd1556\" href=\"https:\/\/www.medonet.pl\/zdrowie\/wiadomosci,cynk---wlasciwosci--zrodla--objawy-niedoboru,artykul,1721715.html\" data-allow-layer=\"\">cynk<\/a>, <a id=\"eb69874e-08a4-480f-a809-997ce3401d2a\" href=\"https:\/\/www.medonet.pl\/badania,fosfor--p-,artykul,1570277.html\" data-allow-layer=\"\">fosfor <\/a>czy <a id=\"4ceaed9d-3e5c-4676-b48a-0809adfd3e75\" href=\"https:\/\/www.medonet.pl\/zdrowie,selen---wlasciwosci--zrodla--niedobor-i-nadmiar-selenu,artykul,1726927.html\" data-allow-layer=\"\">selen<\/a>. Dodatkowo odmiana pieprzowa zawiera najwi\u0119ksz\u0105 ilo\u015b\u0107 przeciwutleniaczy spo\u015br\u00f3d powszechnie dost\u0119pnych ro\u015blin zielnych.<\/p>\n<h3 style=\"text-align: center;\" data-section=\"detail-body\"><strong>Mi\u0119ta w kuchni <\/strong><\/h3>\n<p>Nie mo\u017cna zapomnie\u0107 o u\u017cyciu mi\u0119ty w kuchni. Li\u015bcie i \u0142odygi s\u0105 \u015bwietnym dodatkiem do potraw rybnych, a tak\u017ce jednym z g\u0142\u00f3wnych sk\u0142adnik\u00f3w lemoniady, tu\u017c obok cytryny. Barmani r\u00f3wnie\u017c na szerok\u0105 skal\u0119 stosuj\u0105 mi\u0119t\u0119 \u2013 jako dodatek do drink\u00f3w i koktajli. <strong>Mi\u0119ta daje uczucie orze\u017awienia, dlatego jest tak cz\u0119sto stosowana w kuchni.<\/strong><\/p>\n<h3 style=\"text-align: center;\"><strong>Mi\u0119ta dla sportowc\u00f3w<\/strong><\/h3>\n<p class=\"paragraph\" data-section=\"detail-body\">Co ciekawe, jak donosz\u0105 naukowcy z Uniwersytetu Mohaghegh Ardabili w Iranie, mi\u0119ta mo\u017ce poprawia\u0107 wydolno\u015b\u0107 organizmu. Naukowcy obserwowali dwie grupy m\u0119\u017cczyzn. Jedna grupa przez 10 dni codziennie spo\u017cywa\u0142a wod\u0119 z dodatkiem olejku z mi\u0119ty pieprzowej (0,05 ml), a druga nie. Jak si\u0119 okaza\u0142o osoby, kt\u00f3re spo\u017cywa\u0142y wod\u0119 z dodatkiem mi\u0119ty, uzyska\u0142y znacznie lepsze wyniki test\u00f3w <a id=\"821bb38c-ced1-4172-9c59-8c177a8d87b4\" href=\"https:\/\/www.medonet.pl\/badania,spirometria---przebieg--wskazania--przygotowanie,artykul,1732354.html\" data-allow-layer=\"\">spirometrycznych<\/a>. Opr\u00f3cz tego zauwa\u017cono obni\u017cenie t\u0119tna spoczynkowego i ci\u015bnienia krwi. Co wi\u0119cej, grupa ta twierdzi\u0142a, \u017ce jest mniej zm\u0119czona i ma lepsze samopoczucie.<\/p>\n<p class=\"paragraph\" data-section=\"detail-body\">Podobne wnioski mo\u017cna wyci\u0105gn\u0105\u0107 z innego badania opublikowanego &#8222;Journal of Sport and Exercise Psychology&#8221; gdzie w ramach testu osoby, kt\u00f3re w\u0105cha\u0142y papierek nas\u0105czony olejkiem z mi\u0119ty pieprzowej, biega\u0142y o wiele szybciej ni\u017c osoby, kt\u00f3re nie stosowa\u0142y tego specyficznego wspomagacza. Jak twierdz\u0105 naukowcy, mi\u0119ta wp\u0142ywa pozytywnie na rozlu\u017anienie mi\u0119\u015bni g\u0142adkich oraz rozszerzenie oskrzeli, co powoduje, \u017ce organizm jest lepiej wentylowany, a to z kolei zwi\u0119ksza jego wydolno\u015b\u0107.<\/p>\n<p data-section=\"detail-body\">(\u0179r\u00f3d\u0142o Medonet)<\/p>\n<p>M\u0119tno\u015b\u0107 i osad s\u0105 zjawiskiem naturalnym powsta\u0142ym w wyniku<br \/>\nt\u0142oczenia. Przed u\u017cyciem wstrz\u0105sn\u0105\u0107.<\/p>\n<p>Warto\u015b\u0107 od\u017cywcza w 100ml soku<\/p>\n<p>Warto\u015b\u0107 energetyczna 201 kJ \/ 47 kcal<\/p>\n<p>T\u0142uszcz 0,0g<br \/>\nw tym kwasy t\u0142uszczowe<br \/>\nnasycone 0,0g<\/p>\n<p>W\u0119glowodany 11,5g<br \/>\n-w tym cukry 11,5g<\/p>\n<p>B\u0142onnik 0,1g<br \/>\nBia\u0142ko 0,3g<br \/>\nS\u00f3l 0g<\/p>\n<p>Smak i kolor soku mog\u0105 si\u0119 nieznacznie r\u00f3\u017cni\u0107 w zale\u017cno\u015bci od pory roku i u\u017cytych odmian surowca.<\/p>\n<p>Warunki przechowywania: Przechowywa\u0107 w ch\u0142odnym i zacienionym miejscu. Po otwarciu sok<br \/>\nzachowuje \u015bwie\u017co\u015b\u0107 do 14 dni pod warunkiem, \u017ce zaw\u00f3r zawsze jest zalany sokiem.<\/p>\n<p>&nbsp;<\/p>\n<p><strong>NOWA MARKA SOK\u00d3W T\u0141OCZONYCH.<\/strong><\/p>\n<p>\u201eNo to SzOK\u201d \u2013 owocowy SzOK, dla organizmu rzecz jasna Nasze soki stworzone s\u0105 z my\u015bl\u0105 o osobach, kt\u00f3re prowadz\u0105 aktywny tryb \u017cycia. Poniewa\u017c dla utrzymania dobrej kondycji i zapobiegania wielu chorobom, nale\u017cy codziennie spo\u017cywa\u0107 ok. 400 g owoc\u00f3w i warzyw. Najlepszym i jednocze\u015bnie najta\u0144szym rozwi\u0105zaniem jest szklanka soku!<br \/>\nNajlepiej nie jedna. Wa\u017cne, aby w niej by\u0142 produkt pe\u0142nowarto\u015bciowy, a do takich nale\u017cy zaliczy\u0107 soki NFC. Co to znaczy? \u201eNot from concentrate\u201d \u2013 bez koncentratu, polepszaczy smaku i cukru Nasze produkty s\u0105 wytwarzane z wysegregowanych owoc\u00f3w i warzyw spe\u0142niaj\u0105cych najwy\u017csze normy jako\u015bci. No to co? Do dna!!!<\/p>\n","protected":false},"excerpt":{"rendered":"<p>T\u0142oczony sok jab\u0142kowy\u00a0 99 %, mi\u0119ta 1 % \u2013 produkt pasteryzowany.<\/p>\n","protected":false},"featured_media":375,"comment_status":"open","ping_status":"closed","template":"","meta":[],"product_brand":[],"product_cat":[24],"product_tag":[18,30,29,21,17,22],"class_list":{"0":"post-114","1":"product","2":"type-product","3":"status-publish","4":"has-post-thumbnail","6":"product_cat-soki-owocowe","7":"product_tag-jablko","8":"product_tag-jablko-mieta","9":"product_tag-mieta","10":"product_tag-naturalny","11":"product_tag-sok","12":"product_tag-sok-tloczony","14":"first","15":"instock","16":"shipping-taxable","17":"purchasable","18":"product-type-simple"},"yoast_head":"<!-- This site is optimized with the Yoast SEO plugin v27.1.1 - https:\/\/yoast.com\/product\/yoast-seo-wordpress\/ -->\n<title>Sok jab\u0142kowy z MI\u0118T\u0104 3L - Wk\u0142ad 1 szt. - NoToSzOK! Sklep<\/title>\n<meta name=\"description\" content=\"Sok bezpo\u015brednio t\u0142oczony. Sk\u0142adniki: Sok z jab\u0142ek 99%, Sok z mi\u0119ty 1%\" \/>\n<meta name=\"robots\" content=\"index, follow, max-snippet:-1, max-image-preview:large, max-video-preview:-1\" \/>\n<link rel=\"canonical\" href=\"https:\/\/notoszok.pl\/sklep\/index.php\/produkt\/sok-jablko-mieta-3l-wklad\/\" \/>\n<meta property=\"og:locale\" content=\"pl_PL\" \/>\n<meta property=\"og:type\" content=\"article\" \/>\n<meta property=\"og:title\" content=\"Sok jab\u0142kowy z MI\u0118T\u0104 3L - Wk\u0142ad 1 szt. - NoToSzOK! Sklep\" \/>\n<meta property=\"og:description\" content=\"Sok bezpo\u015brednio t\u0142oczony. Sk\u0142adniki: Sok z jab\u0142ek 99%, Sok z mi\u0119ty 1%\" \/>\n<meta property=\"og:url\" content=\"https:\/\/notoszok.pl\/sklep\/index.php\/produkt\/sok-jablko-mieta-3l-wklad\/\" \/>\n<meta property=\"og:site_name\" content=\"NoToSzOK! Sklep\" \/>\n<meta property=\"article:modified_time\" content=\"2026-03-08T17:15:47+00:00\" \/>\n<meta property=\"og:image\" content=\"https:\/\/notoszok.pl\/sklep\/wp-content\/uploads\/2023\/05\/sok-jablko-mieta.png\" \/>\n\t<meta property=\"og:image:width\" content=\"1170\" \/>\n\t<meta property=\"og:image:height\" content=\"1170\" \/>\n\t<meta property=\"og:image:type\" content=\"image\/png\" \/>\n<meta name=\"twitter:card\" content=\"summary_large_image\" \/>\n<meta name=\"twitter:label1\" content=\"Szacowany czas czytania\" \/>\n\t<meta name=\"twitter:data1\" content=\"4 minuty\" \/>\n<script type=\"application\/ld+json\" class=\"yoast-schema-graph\">{\"@context\":\"https:\/\/schema.org\",\"@graph\":[{\"@type\":\"WebPage\",\"@id\":\"https:\/\/notoszok.pl\/sklep\/index.php\/produkt\/sok-jablko-mieta-3l-wklad\/\",\"url\":\"https:\/\/notoszok.pl\/sklep\/index.php\/produkt\/sok-jablko-mieta-3l-wklad\/\",\"name\":\"Sok jab\u0142kowy z MI\u0118T\u0104 3L - Wk\u0142ad 1 szt. - NoToSzOK! Sklep\",\"isPartOf\":{\"@id\":\"https:\/\/notoszok.pl\/sklep\/#website\"},\"primaryImageOfPage\":{\"@id\":\"https:\/\/notoszok.pl\/sklep\/index.php\/produkt\/sok-jablko-mieta-3l-wklad\/#primaryimage\"},\"image\":{\"@id\":\"https:\/\/notoszok.pl\/sklep\/index.php\/produkt\/sok-jablko-mieta-3l-wklad\/#primaryimage\"},\"thumbnailUrl\":\"https:\/\/notoszok.pl\/sklep\/wp-content\/uploads\/2023\/05\/sok-jablko-mieta.png\",\"datePublished\":\"2023-06-20T21:21:45+00:00\",\"dateModified\":\"2026-03-08T17:15:47+00:00\",\"description\":\"Sok bezpo\u015brednio t\u0142oczony. Sk\u0142adniki: Sok z jab\u0142ek 99%, Sok z mi\u0119ty 1%\",\"breadcrumb\":{\"@id\":\"https:\/\/notoszok.pl\/sklep\/index.php\/produkt\/sok-jablko-mieta-3l-wklad\/#breadcrumb\"},\"inLanguage\":\"pl-PL\",\"potentialAction\":[{\"@type\":\"ReadAction\",\"target\":[\"https:\/\/notoszok.pl\/sklep\/index.php\/produkt\/sok-jablko-mieta-3l-wklad\/\"]}]},{\"@type\":\"ImageObject\",\"inLanguage\":\"pl-PL\",\"@id\":\"https:\/\/notoszok.pl\/sklep\/index.php\/produkt\/sok-jablko-mieta-3l-wklad\/#primaryimage\",\"url\":\"https:\/\/notoszok.pl\/sklep\/wp-content\/uploads\/2023\/05\/sok-jablko-mieta.png\",\"contentUrl\":\"https:\/\/notoszok.pl\/sklep\/wp-content\/uploads\/2023\/05\/sok-jablko-mieta.png\",\"width\":1170,\"height\":1170},{\"@type\":\"BreadcrumbList\",\"@id\":\"https:\/\/notoszok.pl\/sklep\/index.php\/produkt\/sok-jablko-mieta-3l-wklad\/#breadcrumb\",\"itemListElement\":[{\"@type\":\"ListItem\",\"position\":1,\"name\":\"Strona g\u0142\u00f3wna\",\"item\":\"https:\/\/notoszok.pl\/sklep\/\"},{\"@type\":\"ListItem\",\"position\":2,\"name\":\"Sklep\",\"item\":\"https:\/\/notoszok.pl\/sklep\/\"},{\"@type\":\"ListItem\",\"position\":3,\"name\":\"Sok jab\u0142kowy z MI\u0118T\u0104 3L &#8211; Wk\u0142ad 1 szt.\"}]},{\"@type\":\"WebSite\",\"@id\":\"https:\/\/notoszok.pl\/sklep\/#website\",\"url\":\"https:\/\/notoszok.pl\/sklep\/\",\"name\":\"NoToSzOK! Sklep\",\"description\":\"Soki Naturalne\",\"publisher\":{\"@id\":\"https:\/\/notoszok.pl\/sklep\/#organization\"},\"potentialAction\":[{\"@type\":\"SearchAction\",\"target\":{\"@type\":\"EntryPoint\",\"urlTemplate\":\"https:\/\/notoszok.pl\/sklep\/?s={search_term_string}\"},\"query-input\":{\"@type\":\"PropertyValueSpecification\",\"valueRequired\":true,\"valueName\":\"search_term_string\"}}],\"inLanguage\":\"pl-PL\"},{\"@type\":\"Organization\",\"@id\":\"https:\/\/notoszok.pl\/sklep\/#organization\",\"name\":\"NoToSzOK! Sklep\",\"url\":\"https:\/\/notoszok.pl\/sklep\/\",\"logo\":{\"@type\":\"ImageObject\",\"inLanguage\":\"pl-PL\",\"@id\":\"https:\/\/notoszok.pl\/sklep\/#\/schema\/logo\/image\/\",\"url\":\"https:\/\/notoszok.pl\/sklep\/wp-content\/uploads\/2023\/05\/notoszok-kolorowe-logo.png\",\"contentUrl\":\"https:\/\/notoszok.pl\/sklep\/wp-content\/uploads\/2023\/05\/notoszok-kolorowe-logo.png\",\"width\":1920,\"height\":2136,\"caption\":\"NoToSzOK! Sklep\"},\"image\":{\"@id\":\"https:\/\/notoszok.pl\/sklep\/#\/schema\/logo\/image\/\"}}]}<\/script>\n<!-- \/ Yoast SEO plugin. -->","yoast_head_json":{"title":"Sok jab\u0142kowy z MI\u0118T\u0104 3L - Wk\u0142ad 1 szt. - NoToSzOK! Sklep","description":"Sok bezpo\u015brednio t\u0142oczony. Sk\u0142adniki: Sok z jab\u0142ek 99%, Sok z mi\u0119ty 1%","robots":{"index":"index","follow":"follow","max-snippet":"max-snippet:-1","max-image-preview":"max-image-preview:large","max-video-preview":"max-video-preview:-1"},"canonical":"https:\/\/notoszok.pl\/sklep\/index.php\/produkt\/sok-jablko-mieta-3l-wklad\/","og_locale":"pl_PL","og_type":"article","og_title":"Sok jab\u0142kowy z MI\u0118T\u0104 3L - Wk\u0142ad 1 szt. - NoToSzOK! Sklep","og_description":"Sok bezpo\u015brednio t\u0142oczony. Sk\u0142adniki: Sok z jab\u0142ek 99%, Sok z mi\u0119ty 1%","og_url":"https:\/\/notoszok.pl\/sklep\/index.php\/produkt\/sok-jablko-mieta-3l-wklad\/","og_site_name":"NoToSzOK! Sklep","article_modified_time":"2026-03-08T17:15:47+00:00","og_image":[{"width":1170,"height":1170,"url":"https:\/\/notoszok.pl\/sklep\/wp-content\/uploads\/2023\/05\/sok-jablko-mieta.png","type":"image\/png"}],"twitter_card":"summary_large_image","twitter_misc":{"Szacowany czas czytania":"4 minuty"},"schema":{"@context":"https:\/\/schema.org","@graph":[{"@type":"WebPage","@id":"https:\/\/notoszok.pl\/sklep\/index.php\/produkt\/sok-jablko-mieta-3l-wklad\/","url":"https:\/\/notoszok.pl\/sklep\/index.php\/produkt\/sok-jablko-mieta-3l-wklad\/","name":"Sok jab\u0142kowy z MI\u0118T\u0104 3L - Wk\u0142ad 1 szt. - NoToSzOK! Sklep","isPartOf":{"@id":"https:\/\/notoszok.pl\/sklep\/#website"},"primaryImageOfPage":{"@id":"https:\/\/notoszok.pl\/sklep\/index.php\/produkt\/sok-jablko-mieta-3l-wklad\/#primaryimage"},"image":{"@id":"https:\/\/notoszok.pl\/sklep\/index.php\/produkt\/sok-jablko-mieta-3l-wklad\/#primaryimage"},"thumbnailUrl":"https:\/\/notoszok.pl\/sklep\/wp-content\/uploads\/2023\/05\/sok-jablko-mieta.png","datePublished":"2023-06-20T21:21:45+00:00","dateModified":"2026-03-08T17:15:47+00:00","description":"Sok bezpo\u015brednio t\u0142oczony. Sk\u0142adniki: Sok z jab\u0142ek 99%, Sok z mi\u0119ty 1%","breadcrumb":{"@id":"https:\/\/notoszok.pl\/sklep\/index.php\/produkt\/sok-jablko-mieta-3l-wklad\/#breadcrumb"},"inLanguage":"pl-PL","potentialAction":[{"@type":"ReadAction","target":["https:\/\/notoszok.pl\/sklep\/index.php\/produkt\/sok-jablko-mieta-3l-wklad\/"]}]},{"@type":"ImageObject","inLanguage":"pl-PL","@id":"https:\/\/notoszok.pl\/sklep\/index.php\/produkt\/sok-jablko-mieta-3l-wklad\/#primaryimage","url":"https:\/\/notoszok.pl\/sklep\/wp-content\/uploads\/2023\/05\/sok-jablko-mieta.png","contentUrl":"https:\/\/notoszok.pl\/sklep\/wp-content\/uploads\/2023\/05\/sok-jablko-mieta.png","width":1170,"height":1170},{"@type":"BreadcrumbList","@id":"https:\/\/notoszok.pl\/sklep\/index.php\/produkt\/sok-jablko-mieta-3l-wklad\/#breadcrumb","itemListElement":[{"@type":"ListItem","position":1,"name":"Strona g\u0142\u00f3wna","item":"https:\/\/notoszok.pl\/sklep\/"},{"@type":"ListItem","position":2,"name":"Sklep","item":"https:\/\/notoszok.pl\/sklep\/"},{"@type":"ListItem","position":3,"name":"Sok jab\u0142kowy z MI\u0118T\u0104 3L &#8211; Wk\u0142ad 1 szt."}]},{"@type":"WebSite","@id":"https:\/\/notoszok.pl\/sklep\/#website","url":"https:\/\/notoszok.pl\/sklep\/","name":"NoToSzOK! Sklep","description":"Soki Naturalne","publisher":{"@id":"https:\/\/notoszok.pl\/sklep\/#organization"},"potentialAction":[{"@type":"SearchAction","target":{"@type":"EntryPoint","urlTemplate":"https:\/\/notoszok.pl\/sklep\/?s={search_term_string}"},"query-input":{"@type":"PropertyValueSpecification","valueRequired":true,"valueName":"search_term_string"}}],"inLanguage":"pl-PL"},{"@type":"Organization","@id":"https:\/\/notoszok.pl\/sklep\/#organization","name":"NoToSzOK! Sklep","url":"https:\/\/notoszok.pl\/sklep\/","logo":{"@type":"ImageObject","inLanguage":"pl-PL","@id":"https:\/\/notoszok.pl\/sklep\/#\/schema\/logo\/image\/","url":"https:\/\/notoszok.pl\/sklep\/wp-content\/uploads\/2023\/05\/notoszok-kolorowe-logo.png","contentUrl":"https:\/\/notoszok.pl\/sklep\/wp-content\/uploads\/2023\/05\/notoszok-kolorowe-logo.png","width":1920,"height":2136,"caption":"NoToSzOK! Sklep"},"image":{"@id":"https:\/\/notoszok.pl\/sklep\/#\/schema\/logo\/image\/"}}]}},"jetpack_sharing_enabled":true,"_links":{"self":[{"href":"https:\/\/notoszok.pl\/sklep\/index.php\/wp-json\/wp\/v2\/product\/114","targetHints":{"allow":["GET"]}}],"collection":[{"href":"https:\/\/notoszok.pl\/sklep\/index.php\/wp-json\/wp\/v2\/product"}],"about":[{"href":"https:\/\/notoszok.pl\/sklep\/index.php\/wp-json\/wp\/v2\/types\/product"}],"replies":[{"embeddable":true,"href":"https:\/\/notoszok.pl\/sklep\/index.php\/wp-json\/wp\/v2\/comments?post=114"}],"wp:featuredmedia":[{"embeddable":true,"href":"https:\/\/notoszok.pl\/sklep\/index.php\/wp-json\/wp\/v2\/media\/375"}],"wp:attachment":[{"href":"https:\/\/notoszok.pl\/sklep\/index.php\/wp-json\/wp\/v2\/media?parent=114"}],"wp:term":[{"taxonomy":"product_brand","embeddable":true,"href":"https:\/\/notoszok.pl\/sklep\/index.php\/wp-json\/wp\/v2\/product_brand?post=114"},{"taxonomy":"product_cat","embeddable":true,"href":"https:\/\/notoszok.pl\/sklep\/index.php\/wp-json\/wp\/v2\/product_cat?post=114"},{"taxonomy":"product_tag","embeddable":true,"href":"https:\/\/notoszok.pl\/sklep\/index.php\/wp-json\/wp\/v2\/product_tag?post=114"}],"curies":[{"name":"wp","href":"https:\/\/api.w.org\/{rel}","templated":true}]}}