{"id":161,"date":"2023-09-27T14:42:52","date_gmt":"2023-09-27T14:42:52","guid":{"rendered":"https:\/\/notoszok.pl\/sklep\/?post_type=product&#038;p=161"},"modified":"2024-04-18T19:56:41","modified_gmt":"2024-04-18T19:56:41","slug":"sok-jablkowy-z-czerwona-porzeczka-3l-wklad-1szt","status":"publish","type":"product","link":"https:\/\/notoszok.pl\/sklep\/index.php\/produkt\/sok-jablkowy-z-czerwona-porzeczka-3l-wklad-1szt\/","title":{"rendered":"SOK jab\u0142kowy z CZERWON\u0104 PORZECZK\u0104 3L &#8211; wk\u0142ad 1szt."},"content":{"rendered":"<p><strong>Naturalny Sok T\u0142oczony Jab\u0142ko-CZERWONA PORZECZKA 3 L<\/strong><\/p>\n<p>Cena za litr &#8211; 8,66 z\u0142 za litr<\/p>\n<p>Sok bezpo\u015brednio t\u0142oczony. Pasteryzowany<br \/>\nSk\u0142adniki: <strong>Sok z jab\u0142ek 85%, Sok z czerwonej porzeczki 15%<\/strong><\/p>\n<p>Sok t\u0142oczony na zimno ze \u015bwie\u017cych owoc\u00f3w, nast\u0119pnie poddany lekkiej pasteryzacji, dzi\u0119ki czemu zatrzymuje cenne warto\u015bci od\u017cywcze.<\/p>\n<p>Sok jest poddawany procesowi najnowszej technologii, polegaj\u0105cej na usuni\u0119ciu z soku nadmiaru osadu (odwirowanie).<\/p>\n<p>M\u0119tno\u015b\u0107 i osad s\u0105 zjawiskiem naturalnym powsta\u0142ym w wyniku<br \/>\nt\u0142oczenia. Przed u\u017cyciem wstrz\u0105sn\u0105\u0107.<\/p>\n<p>Warto\u015b\u0107 od\u017cywcza w 100ml soku<\/p>\n<p>Warto\u015b\u0107 energetyczna 194 kJ \/ 46 kcal<\/p>\n<p>T\u0142uszcz 0,0g<br \/>\nw tym kwasy t\u0142uszczowe<br \/>\nnasycone 0,0g<\/p>\n<p>W\u0119glowodany 12,0g<br \/>\n-w tym cukry 10,9g<\/p>\n<p>B\u0142onnik 0,1g<br \/>\nBia\u0142ko 0,1g<br \/>\nS\u00f3l 0 g<\/p>\n<p>Smak i kolor soku mog\u0105 si\u0119 nieznacznie r\u00f3\u017cni\u0107 w zale\u017cno\u015bci od pory roku i u\u017cytych odmian surowca.<\/p>\n<p>Warunki przechowywania: Przechowywa\u0107 w ch\u0142odnym i zacienionym miejscu. Po otwarciu sok<br \/>\nzachowuje \u015bwie\u017co\u015b\u0107 do 14 dni pod warunkiem, \u017ce zaw\u00f3r zawsze jest zalany sokiem.<\/p>\n<p>&nbsp;<\/p>\n<p><strong>NOWA MARKA SOK\u00d3W T\u0141OCZONYCH.<\/strong><\/p>\n<p>\u201eNo to SzOK\u201d \u2013 owocowy SzOK, dla organizmu rzecz jasna Nasze soki stworzone s\u0105 z my\u015bl\u0105 o osobach, kt\u00f3re prowadz\u0105 aktywny tryb \u017cycia. Poniewa\u017c dla utrzymania dobrej kondycji i zapobiegania wielu chorobom, nale\u017cy codziennie spo\u017cywa\u0107 ok. 400 g owoc\u00f3w i warzyw. Najlepszym i jednocze\u015bnie najta\u0144szym rozwi\u0105zaniem jest szklanka soku!<br \/>\nNajlepiej nie jedna. Wa\u017cne, aby w niej by\u0142 produkt pe\u0142nowarto\u015bciowy, a do takich nale\u017cy zaliczy\u0107 soki NFC. Co to znaczy? \u201eNot from concentrate\u201d \u2013 bez koncentratu, polepszaczy smaku i cukru Nasze produkty s\u0105 wytwarzane z wysegregowanych owoc\u00f3w i warzyw spe\u0142niaj\u0105cych najwy\u017csze normy jako\u015bci. No to co? Do dna!!!<\/p>\n","protected":false},"excerpt":{"rendered":"<p>Sok z jab\u0142ek 85%, Sok z czerwonej porzeczki 15% \u2013 produkt pasteryzowany. NFC.\u00a0 100% Naturalny<\/p>\n","protected":false},"featured_media":367,"comment_status":"open","ping_status":"closed","template":"","meta":[],"product_brand":[],"product_cat":[24],"product_tag":[42,44,18,45,21,33,43,17,22],"class_list":{"0":"post-161","1":"product","2":"type-product","3":"status-publish","4":"has-post-thumbnail","6":"product_cat-soki-owocowe","7":"product_tag-100-naturalny","8":"product_tag-czerwona-porzeczka","9":"product_tag-jablko","10":"product_tag-jablko-czerwona-porzeczka","11":"product_tag-naturalny","12":"product_tag-nfc","13":"product_tag-porzeczka","14":"product_tag-sok","15":"product_tag-sok-tloczony","17":"first","18":"outofstock","19":"shipping-taxable","20":"purchasable","21":"product-type-simple"},"yoast_head":"<!-- This site is optimized with the Yoast SEO plugin v27.1.1 - https:\/\/yoast.com\/product\/yoast-seo-wordpress\/ -->\n<title>SOK jab\u0142kowy z CZERWON\u0104 PORZECZK\u0104 3L - wk\u0142ad 1szt. - NoToSzOK! Sklep<\/title>\n<meta name=\"robots\" content=\"index, follow, max-snippet:-1, max-image-preview:large, max-video-preview:-1\" \/>\n<link rel=\"canonical\" href=\"https:\/\/notoszok.pl\/sklep\/index.php\/produkt\/sok-jablkowy-z-czerwona-porzeczka-3l-wklad-1szt\/\" \/>\n<meta property=\"og:locale\" content=\"pl_PL\" \/>\n<meta property=\"og:type\" content=\"article\" \/>\n<meta property=\"og:title\" content=\"SOK jab\u0142kowy z CZERWON\u0104 PORZECZK\u0104 3L - wk\u0142ad 1szt. - NoToSzOK! Sklep\" \/>\n<meta property=\"og:description\" content=\"Sok z jab\u0142ek 85%, Sok z czerwonej porzeczki 15% \u2013 produkt pasteryzowany. NFC.\u00a0 100% Naturalny\" \/>\n<meta property=\"og:url\" content=\"https:\/\/notoszok.pl\/sklep\/index.php\/produkt\/sok-jablkowy-z-czerwona-porzeczka-3l-wklad-1szt\/\" \/>\n<meta property=\"og:site_name\" content=\"NoToSzOK! Sklep\" \/>\n<meta property=\"article:modified_time\" content=\"2024-04-18T19:56:41+00:00\" \/>\n<meta property=\"og:image\" content=\"https:\/\/notoszok.pl\/sklep\/wp-content\/uploads\/2023\/05\/sok-jablko-czerwona-porzeczka.png\" \/>\n\t<meta property=\"og:image:width\" content=\"1170\" \/>\n\t<meta property=\"og:image:height\" content=\"1170\" \/>\n\t<meta property=\"og:image:type\" content=\"image\/png\" \/>\n<meta name=\"twitter:card\" content=\"summary_large_image\" \/>\n<meta name=\"twitter:label1\" content=\"Szacowany czas czytania\" \/>\n\t<meta name=\"twitter:data1\" content=\"2 minuty\" \/>\n<script type=\"application\/ld+json\" class=\"yoast-schema-graph\">{\"@context\":\"https:\/\/schema.org\",\"@graph\":[{\"@type\":\"WebPage\",\"@id\":\"https:\/\/notoszok.pl\/sklep\/index.php\/produkt\/sok-jablkowy-z-czerwona-porzeczka-3l-wklad-1szt\/\",\"url\":\"https:\/\/notoszok.pl\/sklep\/index.php\/produkt\/sok-jablkowy-z-czerwona-porzeczka-3l-wklad-1szt\/\",\"name\":\"SOK jab\u0142kowy z CZERWON\u0104 PORZECZK\u0104 3L - wk\u0142ad 1szt. - NoToSzOK! Sklep\",\"isPartOf\":{\"@id\":\"https:\/\/notoszok.pl\/sklep\/#website\"},\"primaryImageOfPage\":{\"@id\":\"https:\/\/notoszok.pl\/sklep\/index.php\/produkt\/sok-jablkowy-z-czerwona-porzeczka-3l-wklad-1szt\/#primaryimage\"},\"image\":{\"@id\":\"https:\/\/notoszok.pl\/sklep\/index.php\/produkt\/sok-jablkowy-z-czerwona-porzeczka-3l-wklad-1szt\/#primaryimage\"},\"thumbnailUrl\":\"https:\/\/notoszok.pl\/sklep\/wp-content\/uploads\/2023\/05\/sok-jablko-czerwona-porzeczka.png\",\"datePublished\":\"2023-09-27T14:42:52+00:00\",\"dateModified\":\"2024-04-18T19:56:41+00:00\",\"breadcrumb\":{\"@id\":\"https:\/\/notoszok.pl\/sklep\/index.php\/produkt\/sok-jablkowy-z-czerwona-porzeczka-3l-wklad-1szt\/#breadcrumb\"},\"inLanguage\":\"pl-PL\",\"potentialAction\":[{\"@type\":\"ReadAction\",\"target\":[\"https:\/\/notoszok.pl\/sklep\/index.php\/produkt\/sok-jablkowy-z-czerwona-porzeczka-3l-wklad-1szt\/\"]}]},{\"@type\":\"ImageObject\",\"inLanguage\":\"pl-PL\",\"@id\":\"https:\/\/notoszok.pl\/sklep\/index.php\/produkt\/sok-jablkowy-z-czerwona-porzeczka-3l-wklad-1szt\/#primaryimage\",\"url\":\"https:\/\/notoszok.pl\/sklep\/wp-content\/uploads\/2023\/05\/sok-jablko-czerwona-porzeczka.png\",\"contentUrl\":\"https:\/\/notoszok.pl\/sklep\/wp-content\/uploads\/2023\/05\/sok-jablko-czerwona-porzeczka.png\",\"width\":1170,\"height\":1170},{\"@type\":\"BreadcrumbList\",\"@id\":\"https:\/\/notoszok.pl\/sklep\/index.php\/produkt\/sok-jablkowy-z-czerwona-porzeczka-3l-wklad-1szt\/#breadcrumb\",\"itemListElement\":[{\"@type\":\"ListItem\",\"position\":1,\"name\":\"Strona g\u0142\u00f3wna\",\"item\":\"https:\/\/notoszok.pl\/sklep\/\"},{\"@type\":\"ListItem\",\"position\":2,\"name\":\"Sklep\",\"item\":\"https:\/\/notoszok.pl\/sklep\/\"},{\"@type\":\"ListItem\",\"position\":3,\"name\":\"SOK jab\u0142kowy z CZERWON\u0104 PORZECZK\u0104 3L &#8211; wk\u0142ad 1szt.\"}]},{\"@type\":\"WebSite\",\"@id\":\"https:\/\/notoszok.pl\/sklep\/#website\",\"url\":\"https:\/\/notoszok.pl\/sklep\/\",\"name\":\"NoToSzOK! Sklep\",\"description\":\"Soki Naturalne\",\"publisher\":{\"@id\":\"https:\/\/notoszok.pl\/sklep\/#organization\"},\"potentialAction\":[{\"@type\":\"SearchAction\",\"target\":{\"@type\":\"EntryPoint\",\"urlTemplate\":\"https:\/\/notoszok.pl\/sklep\/?s={search_term_string}\"},\"query-input\":{\"@type\":\"PropertyValueSpecification\",\"valueRequired\":true,\"valueName\":\"search_term_string\"}}],\"inLanguage\":\"pl-PL\"},{\"@type\":\"Organization\",\"@id\":\"https:\/\/notoszok.pl\/sklep\/#organization\",\"name\":\"NoToSzOK! Sklep\",\"url\":\"https:\/\/notoszok.pl\/sklep\/\",\"logo\":{\"@type\":\"ImageObject\",\"inLanguage\":\"pl-PL\",\"@id\":\"https:\/\/notoszok.pl\/sklep\/#\/schema\/logo\/image\/\",\"url\":\"https:\/\/notoszok.pl\/sklep\/wp-content\/uploads\/2023\/05\/notoszok-kolorowe-logo.png\",\"contentUrl\":\"https:\/\/notoszok.pl\/sklep\/wp-content\/uploads\/2023\/05\/notoszok-kolorowe-logo.png\",\"width\":1920,\"height\":2136,\"caption\":\"NoToSzOK! Sklep\"},\"image\":{\"@id\":\"https:\/\/notoszok.pl\/sklep\/#\/schema\/logo\/image\/\"}}]}<\/script>\n<!-- \/ Yoast SEO plugin. -->","yoast_head_json":{"title":"SOK jab\u0142kowy z CZERWON\u0104 PORZECZK\u0104 3L - wk\u0142ad 1szt. - NoToSzOK! Sklep","robots":{"index":"index","follow":"follow","max-snippet":"max-snippet:-1","max-image-preview":"max-image-preview:large","max-video-preview":"max-video-preview:-1"},"canonical":"https:\/\/notoszok.pl\/sklep\/index.php\/produkt\/sok-jablkowy-z-czerwona-porzeczka-3l-wklad-1szt\/","og_locale":"pl_PL","og_type":"article","og_title":"SOK jab\u0142kowy z CZERWON\u0104 PORZECZK\u0104 3L - wk\u0142ad 1szt. - NoToSzOK! Sklep","og_description":"Sok z jab\u0142ek 85%, Sok z czerwonej porzeczki 15% \u2013 produkt pasteryzowany. NFC.\u00a0 100% Naturalny","og_url":"https:\/\/notoszok.pl\/sklep\/index.php\/produkt\/sok-jablkowy-z-czerwona-porzeczka-3l-wklad-1szt\/","og_site_name":"NoToSzOK! Sklep","article_modified_time":"2024-04-18T19:56:41+00:00","og_image":[{"width":1170,"height":1170,"url":"https:\/\/notoszok.pl\/sklep\/wp-content\/uploads\/2023\/05\/sok-jablko-czerwona-porzeczka.png","type":"image\/png"}],"twitter_card":"summary_large_image","twitter_misc":{"Szacowany czas czytania":"2 minuty"},"schema":{"@context":"https:\/\/schema.org","@graph":[{"@type":"WebPage","@id":"https:\/\/notoszok.pl\/sklep\/index.php\/produkt\/sok-jablkowy-z-czerwona-porzeczka-3l-wklad-1szt\/","url":"https:\/\/notoszok.pl\/sklep\/index.php\/produkt\/sok-jablkowy-z-czerwona-porzeczka-3l-wklad-1szt\/","name":"SOK jab\u0142kowy z CZERWON\u0104 PORZECZK\u0104 3L - wk\u0142ad 1szt. - NoToSzOK! Sklep","isPartOf":{"@id":"https:\/\/notoszok.pl\/sklep\/#website"},"primaryImageOfPage":{"@id":"https:\/\/notoszok.pl\/sklep\/index.php\/produkt\/sok-jablkowy-z-czerwona-porzeczka-3l-wklad-1szt\/#primaryimage"},"image":{"@id":"https:\/\/notoszok.pl\/sklep\/index.php\/produkt\/sok-jablkowy-z-czerwona-porzeczka-3l-wklad-1szt\/#primaryimage"},"thumbnailUrl":"https:\/\/notoszok.pl\/sklep\/wp-content\/uploads\/2023\/05\/sok-jablko-czerwona-porzeczka.png","datePublished":"2023-09-27T14:42:52+00:00","dateModified":"2024-04-18T19:56:41+00:00","breadcrumb":{"@id":"https:\/\/notoszok.pl\/sklep\/index.php\/produkt\/sok-jablkowy-z-czerwona-porzeczka-3l-wklad-1szt\/#breadcrumb"},"inLanguage":"pl-PL","potentialAction":[{"@type":"ReadAction","target":["https:\/\/notoszok.pl\/sklep\/index.php\/produkt\/sok-jablkowy-z-czerwona-porzeczka-3l-wklad-1szt\/"]}]},{"@type":"ImageObject","inLanguage":"pl-PL","@id":"https:\/\/notoszok.pl\/sklep\/index.php\/produkt\/sok-jablkowy-z-czerwona-porzeczka-3l-wklad-1szt\/#primaryimage","url":"https:\/\/notoszok.pl\/sklep\/wp-content\/uploads\/2023\/05\/sok-jablko-czerwona-porzeczka.png","contentUrl":"https:\/\/notoszok.pl\/sklep\/wp-content\/uploads\/2023\/05\/sok-jablko-czerwona-porzeczka.png","width":1170,"height":1170},{"@type":"BreadcrumbList","@id":"https:\/\/notoszok.pl\/sklep\/index.php\/produkt\/sok-jablkowy-z-czerwona-porzeczka-3l-wklad-1szt\/#breadcrumb","itemListElement":[{"@type":"ListItem","position":1,"name":"Strona g\u0142\u00f3wna","item":"https:\/\/notoszok.pl\/sklep\/"},{"@type":"ListItem","position":2,"name":"Sklep","item":"https:\/\/notoszok.pl\/sklep\/"},{"@type":"ListItem","position":3,"name":"SOK jab\u0142kowy z CZERWON\u0104 PORZECZK\u0104 3L &#8211; wk\u0142ad 1szt."}]},{"@type":"WebSite","@id":"https:\/\/notoszok.pl\/sklep\/#website","url":"https:\/\/notoszok.pl\/sklep\/","name":"NoToSzOK! Sklep","description":"Soki Naturalne","publisher":{"@id":"https:\/\/notoszok.pl\/sklep\/#organization"},"potentialAction":[{"@type":"SearchAction","target":{"@type":"EntryPoint","urlTemplate":"https:\/\/notoszok.pl\/sklep\/?s={search_term_string}"},"query-input":{"@type":"PropertyValueSpecification","valueRequired":true,"valueName":"search_term_string"}}],"inLanguage":"pl-PL"},{"@type":"Organization","@id":"https:\/\/notoszok.pl\/sklep\/#organization","name":"NoToSzOK! Sklep","url":"https:\/\/notoszok.pl\/sklep\/","logo":{"@type":"ImageObject","inLanguage":"pl-PL","@id":"https:\/\/notoszok.pl\/sklep\/#\/schema\/logo\/image\/","url":"https:\/\/notoszok.pl\/sklep\/wp-content\/uploads\/2023\/05\/notoszok-kolorowe-logo.png","contentUrl":"https:\/\/notoszok.pl\/sklep\/wp-content\/uploads\/2023\/05\/notoszok-kolorowe-logo.png","width":1920,"height":2136,"caption":"NoToSzOK! Sklep"},"image":{"@id":"https:\/\/notoszok.pl\/sklep\/#\/schema\/logo\/image\/"}}]}},"jetpack_sharing_enabled":true,"_links":{"self":[{"href":"https:\/\/notoszok.pl\/sklep\/index.php\/wp-json\/wp\/v2\/product\/161","targetHints":{"allow":["GET"]}}],"collection":[{"href":"https:\/\/notoszok.pl\/sklep\/index.php\/wp-json\/wp\/v2\/product"}],"about":[{"href":"https:\/\/notoszok.pl\/sklep\/index.php\/wp-json\/wp\/v2\/types\/product"}],"replies":[{"embeddable":true,"href":"https:\/\/notoszok.pl\/sklep\/index.php\/wp-json\/wp\/v2\/comments?post=161"}],"wp:featuredmedia":[{"embeddable":true,"href":"https:\/\/notoszok.pl\/sklep\/index.php\/wp-json\/wp\/v2\/media\/367"}],"wp:attachment":[{"href":"https:\/\/notoszok.pl\/sklep\/index.php\/wp-json\/wp\/v2\/media?parent=161"}],"wp:term":[{"taxonomy":"product_brand","embeddable":true,"href":"https:\/\/notoszok.pl\/sklep\/index.php\/wp-json\/wp\/v2\/product_brand?post=161"},{"taxonomy":"product_cat","embeddable":true,"href":"https:\/\/notoszok.pl\/sklep\/index.php\/wp-json\/wp\/v2\/product_cat?post=161"},{"taxonomy":"product_tag","embeddable":true,"href":"https:\/\/notoszok.pl\/sklep\/index.php\/wp-json\/wp\/v2\/product_tag?post=161"}],"curies":[{"name":"wp","href":"https:\/\/api.w.org\/{rel}","templated":true}]}}