{"id":196,"date":"2023-12-07T09:40:29","date_gmt":"2023-12-07T09:40:29","guid":{"rendered":"https:\/\/notoszok.pl\/sklep\/?post_type=product&#038;p=196"},"modified":"2026-03-08T16:35:13","modified_gmt":"2026-03-08T16:35:13","slug":"burak-cytryna-3l","status":"publish","type":"product","link":"https:\/\/notoszok.pl\/sklep\/index.php\/produkt\/burak-cytryna-3l\/","title":{"rendered":"Sok BURAK z CYTRYN\u0104 &#8211; 3L &#8211; Wk\u0142ad 1 szt."},"content":{"rendered":"<p><strong>SMAK:\u00a0 wytrawny<br \/>\n<\/strong><\/p>\n<p>SK\u0141AD:<br \/>\n<strong>Sk\u0142ad: sok z buraka 95%, sok z cytryny 5%<br \/>\nProdukt pasteryzowany.<\/strong><\/p>\n<p>Cena za litr &#8211; 11z\u0142 za litr<\/p>\n<p>Co daje nam spo\u017cywanie buraka<br \/>\n&#8211; obni\u017ca poziom cholesterolu we krwi,<br \/>\n&#8211; chroni w\u0105trob\u0119 przed toksynami,<br \/>\n&#8211; zapobiega udarom m\u00f3zgu i zawa\u0142om mi\u0119\u015bnia sercowego,<br \/>\n&#8211; \u0142agodzi napi\u0119cie emocjonalne, objawy nerwic i depresji,<br \/>\n&#8211; reguluje cykl snu,<br \/>\n&#8211; wspomaga koncentracj\u0119,<br \/>\n&#8211; poprawia wytrzyma\u0142o\u015b\u0107 organizmu,<\/p>\n<p>Sok z buraka to sprawdzony spos\u00f3b na kaszel i odchudzanie. Pomo\u017ce tak\u017ce przy anemii oraz z\u0142agodzi objawy kaca. Dzi\u0119ki obecno\u015bci azotan\u00f3w mo\u017ce mie\u0107 tak\u017ce korzystny wp\u0142yw na op\u00f3\u017anienie lub<br \/>\nzapobieganie\u00a0demencji gdy\u017c przypuszcza si\u0119, \u017ce azotany zwi\u0119kszaj\u0105 przep\u0142yw krwi w p\u0142atach czo\u0142owych m\u00f3zgu.<\/p>\n<p>Zawiera naturalnie wyst\u0119puj\u0105ce cukry. Ze wzgl\u0119du na zawarto\u015b\u0107 naturalnych sk\u0142adnik\u00f3w \u2013 kolor, zapach i smak poszczeg\u00f3lnych partii mo\u017ce si\u0119 r\u00f3\u017cni\u0107. Przechowywa\u0107<br \/>\nw temp. od 2\u00b0 do 20\u00b0C. Najlepiej smakuje sch\u0142odzony. Po otwarciu przechowywa\u0107 w lod\u00f3wce i spo\u017cy\u0107 w ci\u0105gu 14 dni.<\/p>\n<p><strong>NOWA MARKA SOK\u00d3W T\u0141OCZONYCH.<\/strong><\/p>\n<p>\u201eNo to SzOK\u201d \u2013 owocowy SzOK, dla organizmu rzecz jasna Nasze soki stworzone s\u0105 z my\u015bl\u0105 o osobach, kt\u00f3re prowadz\u0105 aktywny tryb \u017cycia. Poniewa\u017c dla utrzymania dobrej kondycji i zapobiegania wielu chorobom, nale\u017cy codziennie spo\u017cywa\u0107 ok. 400 g owoc\u00f3w i warzyw. Najlepszym i jednocze\u015bnie najta\u0144szym rozwi\u0105zaniem jest szklanka soku!<br \/>\nNajlepiej nie jedna. Wa\u017cne, aby w niej by\u0142 produkt pe\u0142nowarto\u015bciowy, a do takich nale\u017cy zaliczy\u0107 soki NFC. Co to znaczy? \u201eNot from concentrate\u201d \u2013 bez koncentratu, polepszaczy smaku i cukru Nasze produkty s\u0105 wytwarzane z wysegregowanych owoc\u00f3w i warzyw spe\u0142niaj\u0105cych najwy\u017csze normy jako\u015bci. No to co? Do dna!!!<\/p>\n","protected":false},"excerpt":{"rendered":"<p>T\u0142oczony sok z buraka 95%, sok z cytryny 5%<br \/>\nSMAK:\u00a0 WYTRAWNY<\/p>\n","protected":false},"featured_media":364,"comment_status":"open","ping_status":"closed","template":"","meta":[],"product_brand":[],"product_cat":[23,36],"product_tag":[25,21,33,22,27,26],"class_list":{"0":"post-196","1":"product","2":"type-product","3":"status-publish","4":"has-post-thumbnail","6":"product_cat-soki-owocowo-warzywne","7":"product_cat-soki-warzywne","8":"product_tag-burak","9":"product_tag-naturalny","10":"product_tag-nfc","11":"product_tag-sok-tloczony","12":"product_tag-sok-warzywno-owocowy","13":"product_tag-warzywa","15":"first","16":"instock","17":"featured","18":"shipping-taxable","19":"purchasable","20":"product-type-simple"},"yoast_head":"<!-- This site is optimized with the Yoast SEO plugin v27.1.1 - https:\/\/yoast.com\/product\/yoast-seo-wordpress\/ -->\n<title>Sok BURAK z CYTRYN\u0104 - 3L - Wk\u0142ad 1 szt. - NoToSzOK! Sklep<\/title>\n<meta name=\"description\" content=\"SMAK:\u00a0 wytrawny - SK\u0141AD: Sk\u0142ad: sok z buraka 95%, sok z cytryny 5%\" \/>\n<meta name=\"robots\" content=\"index, follow, max-snippet:-1, max-image-preview:large, max-video-preview:-1\" \/>\n<link rel=\"canonical\" href=\"https:\/\/notoszok.pl\/sklep\/index.php\/produkt\/burak-cytryna-3l\/\" \/>\n<meta property=\"og:locale\" content=\"pl_PL\" \/>\n<meta property=\"og:type\" content=\"article\" \/>\n<meta property=\"og:title\" content=\"Sok BURAK z CYTRYN\u0104 - 3L - Wk\u0142ad 1 szt. - NoToSzOK! Sklep\" \/>\n<meta property=\"og:description\" content=\"SMAK:\u00a0 wytrawny - SK\u0141AD: Sk\u0142ad: sok z buraka 95%, sok z cytryny 5%\" \/>\n<meta property=\"og:url\" content=\"https:\/\/notoszok.pl\/sklep\/index.php\/produkt\/burak-cytryna-3l\/\" \/>\n<meta property=\"og:site_name\" content=\"NoToSzOK! Sklep\" \/>\n<meta property=\"article:modified_time\" content=\"2026-03-08T16:35:13+00:00\" \/>\n<meta property=\"og:image\" content=\"https:\/\/notoszok.pl\/sklep\/wp-content\/uploads\/2023\/05\/sok-burak-cytryna.png\" \/>\n\t<meta property=\"og:image:width\" content=\"1170\" \/>\n\t<meta property=\"og:image:height\" content=\"1170\" \/>\n\t<meta property=\"og:image:type\" content=\"image\/png\" \/>\n<meta name=\"twitter:card\" content=\"summary_large_image\" \/>\n<meta name=\"twitter:label1\" content=\"Szacowany czas czytania\" \/>\n\t<meta name=\"twitter:data1\" content=\"2 minuty\" \/>\n<script type=\"application\/ld+json\" class=\"yoast-schema-graph\">{\"@context\":\"https:\/\/schema.org\",\"@graph\":[{\"@type\":\"WebPage\",\"@id\":\"https:\/\/notoszok.pl\/sklep\/index.php\/produkt\/burak-cytryna-3l\/\",\"url\":\"https:\/\/notoszok.pl\/sklep\/index.php\/produkt\/burak-cytryna-3l\/\",\"name\":\"Sok BURAK z CYTRYN\u0104 - 3L - Wk\u0142ad 1 szt. - NoToSzOK! Sklep\",\"isPartOf\":{\"@id\":\"https:\/\/notoszok.pl\/sklep\/#website\"},\"primaryImageOfPage\":{\"@id\":\"https:\/\/notoszok.pl\/sklep\/index.php\/produkt\/burak-cytryna-3l\/#primaryimage\"},\"image\":{\"@id\":\"https:\/\/notoszok.pl\/sklep\/index.php\/produkt\/burak-cytryna-3l\/#primaryimage\"},\"thumbnailUrl\":\"https:\/\/notoszok.pl\/sklep\/wp-content\/uploads\/2023\/05\/sok-burak-cytryna.png\",\"datePublished\":\"2023-12-07T09:40:29+00:00\",\"dateModified\":\"2026-03-08T16:35:13+00:00\",\"description\":\"SMAK:\u00a0 wytrawny - SK\u0141AD: Sk\u0142ad: sok z buraka 95%, sok z cytryny 5%\",\"breadcrumb\":{\"@id\":\"https:\/\/notoszok.pl\/sklep\/index.php\/produkt\/burak-cytryna-3l\/#breadcrumb\"},\"inLanguage\":\"pl-PL\",\"potentialAction\":[{\"@type\":\"ReadAction\",\"target\":[\"https:\/\/notoszok.pl\/sklep\/index.php\/produkt\/burak-cytryna-3l\/\"]}]},{\"@type\":\"ImageObject\",\"inLanguage\":\"pl-PL\",\"@id\":\"https:\/\/notoszok.pl\/sklep\/index.php\/produkt\/burak-cytryna-3l\/#primaryimage\",\"url\":\"https:\/\/notoszok.pl\/sklep\/wp-content\/uploads\/2023\/05\/sok-burak-cytryna.png\",\"contentUrl\":\"https:\/\/notoszok.pl\/sklep\/wp-content\/uploads\/2023\/05\/sok-burak-cytryna.png\",\"width\":1170,\"height\":1170},{\"@type\":\"BreadcrumbList\",\"@id\":\"https:\/\/notoszok.pl\/sklep\/index.php\/produkt\/burak-cytryna-3l\/#breadcrumb\",\"itemListElement\":[{\"@type\":\"ListItem\",\"position\":1,\"name\":\"Strona g\u0142\u00f3wna\",\"item\":\"https:\/\/notoszok.pl\/sklep\/\"},{\"@type\":\"ListItem\",\"position\":2,\"name\":\"Sklep\",\"item\":\"https:\/\/notoszok.pl\/sklep\/\"},{\"@type\":\"ListItem\",\"position\":3,\"name\":\"Sok BURAK z CYTRYN\u0104 &#8211; 3L &#8211; Wk\u0142ad 1 szt.\"}]},{\"@type\":\"WebSite\",\"@id\":\"https:\/\/notoszok.pl\/sklep\/#website\",\"url\":\"https:\/\/notoszok.pl\/sklep\/\",\"name\":\"NoToSzOK! Sklep\",\"description\":\"Soki Naturalne\",\"publisher\":{\"@id\":\"https:\/\/notoszok.pl\/sklep\/#organization\"},\"potentialAction\":[{\"@type\":\"SearchAction\",\"target\":{\"@type\":\"EntryPoint\",\"urlTemplate\":\"https:\/\/notoszok.pl\/sklep\/?s={search_term_string}\"},\"query-input\":{\"@type\":\"PropertyValueSpecification\",\"valueRequired\":true,\"valueName\":\"search_term_string\"}}],\"inLanguage\":\"pl-PL\"},{\"@type\":\"Organization\",\"@id\":\"https:\/\/notoszok.pl\/sklep\/#organization\",\"name\":\"NoToSzOK! Sklep\",\"url\":\"https:\/\/notoszok.pl\/sklep\/\",\"logo\":{\"@type\":\"ImageObject\",\"inLanguage\":\"pl-PL\",\"@id\":\"https:\/\/notoszok.pl\/sklep\/#\/schema\/logo\/image\/\",\"url\":\"https:\/\/notoszok.pl\/sklep\/wp-content\/uploads\/2023\/05\/notoszok-kolorowe-logo.png\",\"contentUrl\":\"https:\/\/notoszok.pl\/sklep\/wp-content\/uploads\/2023\/05\/notoszok-kolorowe-logo.png\",\"width\":1920,\"height\":2136,\"caption\":\"NoToSzOK! Sklep\"},\"image\":{\"@id\":\"https:\/\/notoszok.pl\/sklep\/#\/schema\/logo\/image\/\"}}]}<\/script>\n<!-- \/ Yoast SEO plugin. -->","yoast_head_json":{"title":"Sok BURAK z CYTRYN\u0104 - 3L - Wk\u0142ad 1 szt. - NoToSzOK! Sklep","description":"SMAK:\u00a0 wytrawny - SK\u0141AD: Sk\u0142ad: sok z buraka 95%, sok z cytryny 5%","robots":{"index":"index","follow":"follow","max-snippet":"max-snippet:-1","max-image-preview":"max-image-preview:large","max-video-preview":"max-video-preview:-1"},"canonical":"https:\/\/notoszok.pl\/sklep\/index.php\/produkt\/burak-cytryna-3l\/","og_locale":"pl_PL","og_type":"article","og_title":"Sok BURAK z CYTRYN\u0104 - 3L - Wk\u0142ad 1 szt. - NoToSzOK! Sklep","og_description":"SMAK:\u00a0 wytrawny - SK\u0141AD: Sk\u0142ad: sok z buraka 95%, sok z cytryny 5%","og_url":"https:\/\/notoszok.pl\/sklep\/index.php\/produkt\/burak-cytryna-3l\/","og_site_name":"NoToSzOK! Sklep","article_modified_time":"2026-03-08T16:35:13+00:00","og_image":[{"width":1170,"height":1170,"url":"https:\/\/notoszok.pl\/sklep\/wp-content\/uploads\/2023\/05\/sok-burak-cytryna.png","type":"image\/png"}],"twitter_card":"summary_large_image","twitter_misc":{"Szacowany czas czytania":"2 minuty"},"schema":{"@context":"https:\/\/schema.org","@graph":[{"@type":"WebPage","@id":"https:\/\/notoszok.pl\/sklep\/index.php\/produkt\/burak-cytryna-3l\/","url":"https:\/\/notoszok.pl\/sklep\/index.php\/produkt\/burak-cytryna-3l\/","name":"Sok BURAK z CYTRYN\u0104 - 3L - Wk\u0142ad 1 szt. - NoToSzOK! Sklep","isPartOf":{"@id":"https:\/\/notoszok.pl\/sklep\/#website"},"primaryImageOfPage":{"@id":"https:\/\/notoszok.pl\/sklep\/index.php\/produkt\/burak-cytryna-3l\/#primaryimage"},"image":{"@id":"https:\/\/notoszok.pl\/sklep\/index.php\/produkt\/burak-cytryna-3l\/#primaryimage"},"thumbnailUrl":"https:\/\/notoszok.pl\/sklep\/wp-content\/uploads\/2023\/05\/sok-burak-cytryna.png","datePublished":"2023-12-07T09:40:29+00:00","dateModified":"2026-03-08T16:35:13+00:00","description":"SMAK:\u00a0 wytrawny - SK\u0141AD: Sk\u0142ad: sok z buraka 95%, sok z cytryny 5%","breadcrumb":{"@id":"https:\/\/notoszok.pl\/sklep\/index.php\/produkt\/burak-cytryna-3l\/#breadcrumb"},"inLanguage":"pl-PL","potentialAction":[{"@type":"ReadAction","target":["https:\/\/notoszok.pl\/sklep\/index.php\/produkt\/burak-cytryna-3l\/"]}]},{"@type":"ImageObject","inLanguage":"pl-PL","@id":"https:\/\/notoszok.pl\/sklep\/index.php\/produkt\/burak-cytryna-3l\/#primaryimage","url":"https:\/\/notoszok.pl\/sklep\/wp-content\/uploads\/2023\/05\/sok-burak-cytryna.png","contentUrl":"https:\/\/notoszok.pl\/sklep\/wp-content\/uploads\/2023\/05\/sok-burak-cytryna.png","width":1170,"height":1170},{"@type":"BreadcrumbList","@id":"https:\/\/notoszok.pl\/sklep\/index.php\/produkt\/burak-cytryna-3l\/#breadcrumb","itemListElement":[{"@type":"ListItem","position":1,"name":"Strona g\u0142\u00f3wna","item":"https:\/\/notoszok.pl\/sklep\/"},{"@type":"ListItem","position":2,"name":"Sklep","item":"https:\/\/notoszok.pl\/sklep\/"},{"@type":"ListItem","position":3,"name":"Sok BURAK z CYTRYN\u0104 &#8211; 3L &#8211; Wk\u0142ad 1 szt."}]},{"@type":"WebSite","@id":"https:\/\/notoszok.pl\/sklep\/#website","url":"https:\/\/notoszok.pl\/sklep\/","name":"NoToSzOK! Sklep","description":"Soki Naturalne","publisher":{"@id":"https:\/\/notoszok.pl\/sklep\/#organization"},"potentialAction":[{"@type":"SearchAction","target":{"@type":"EntryPoint","urlTemplate":"https:\/\/notoszok.pl\/sklep\/?s={search_term_string}"},"query-input":{"@type":"PropertyValueSpecification","valueRequired":true,"valueName":"search_term_string"}}],"inLanguage":"pl-PL"},{"@type":"Organization","@id":"https:\/\/notoszok.pl\/sklep\/#organization","name":"NoToSzOK! Sklep","url":"https:\/\/notoszok.pl\/sklep\/","logo":{"@type":"ImageObject","inLanguage":"pl-PL","@id":"https:\/\/notoszok.pl\/sklep\/#\/schema\/logo\/image\/","url":"https:\/\/notoszok.pl\/sklep\/wp-content\/uploads\/2023\/05\/notoszok-kolorowe-logo.png","contentUrl":"https:\/\/notoszok.pl\/sklep\/wp-content\/uploads\/2023\/05\/notoszok-kolorowe-logo.png","width":1920,"height":2136,"caption":"NoToSzOK! Sklep"},"image":{"@id":"https:\/\/notoszok.pl\/sklep\/#\/schema\/logo\/image\/"}}]}},"jetpack_sharing_enabled":true,"_links":{"self":[{"href":"https:\/\/notoszok.pl\/sklep\/index.php\/wp-json\/wp\/v2\/product\/196","targetHints":{"allow":["GET"]}}],"collection":[{"href":"https:\/\/notoszok.pl\/sklep\/index.php\/wp-json\/wp\/v2\/product"}],"about":[{"href":"https:\/\/notoszok.pl\/sklep\/index.php\/wp-json\/wp\/v2\/types\/product"}],"replies":[{"embeddable":true,"href":"https:\/\/notoszok.pl\/sklep\/index.php\/wp-json\/wp\/v2\/comments?post=196"}],"wp:featuredmedia":[{"embeddable":true,"href":"https:\/\/notoszok.pl\/sklep\/index.php\/wp-json\/wp\/v2\/media\/364"}],"wp:attachment":[{"href":"https:\/\/notoszok.pl\/sklep\/index.php\/wp-json\/wp\/v2\/media?parent=196"}],"wp:term":[{"taxonomy":"product_brand","embeddable":true,"href":"https:\/\/notoszok.pl\/sklep\/index.php\/wp-json\/wp\/v2\/product_brand?post=196"},{"taxonomy":"product_cat","embeddable":true,"href":"https:\/\/notoszok.pl\/sklep\/index.php\/wp-json\/wp\/v2\/product_cat?post=196"},{"taxonomy":"product_tag","embeddable":true,"href":"https:\/\/notoszok.pl\/sklep\/index.php\/wp-json\/wp\/v2\/product_tag?post=196"}],"curies":[{"name":"wp","href":"https:\/\/api.w.org\/{rel}","templated":true}]}}