{"id":209,"date":"2024-02-05T16:13:27","date_gmt":"2024-02-05T16:13:27","guid":{"rendered":"https:\/\/notoszok.pl\/sklep\/?post_type=product&#038;p=209"},"modified":"2026-03-08T16:23:26","modified_gmt":"2026-03-08T16:23:26","slug":"sok-jablkowy-z-rokitnikiem-wklad-2-szt","status":"publish","type":"product","link":"https:\/\/notoszok.pl\/sklep\/index.php\/produkt\/sok-jablkowy-z-rokitnikiem-wklad-2-szt\/","title":{"rendered":"SOK jab\u0142kowy z rokitnikiem &#8211; wk\u0142ad 2 szt."},"content":{"rendered":"<p><strong>Naturalny Sok T\u0142oczony Jab\u0142ko z Rokitnikiem 100% 3 L<\/strong><\/p>\n<p>O zdrowotnych w\u0142a\u015bciwo\u015bciach ROKITNIKA wiedziano ju\u017c w staro\u017cytno\u015bci. Grecka nazwa: hippophae (hippos \u2013 ko\u0144, phaes \u2013 l\u015bni\u0105cy) \u015bwiadczy o tym, \u017ce w staro\u017cytno\u015bci karmiono konie li\u015b\u0107mi rokitnika, a trzeba wiedzie\u0107, \u017ce w\u00f3wczas ko\u0144 by\u0142 tak cenny jak dzi\u015b luksusowe auto.<\/p>\n<p>Cena za litr &#8211; 9,83 z\u0142<\/p>\n<p><strong>SK\u0141AD:<\/strong><br \/>\nT\u0142oczony sok jab\u0142kowy\u00a0 92 %, t\u0142oczony sok z rokitnika <strong>8%<\/strong> \u2013 produkt pasteryzowany.<br \/>\nCo daje nam spo\u017cywanie rokitnika:<br \/>\nO zdrowotnych w\u0142a\u015bciwo\u015bciach wiedziano ju\u017c w staro\u017cytno\u015bci. Grecka nazwa:\u00a0hippophae\u00a0(hippos \u2013 ko\u0144, phaes \u2013 l\u015bni\u0105cy) \u015bwiadczy o tym, \u017ce w staro\u017cytno\u015bci karmiono konie li\u015b\u0107mi rokitnika, a trzeba wiedzie\u0107, \u017ce w\u00f3wczas ko\u0144 by\u0142 tak cenny jak dzi\u015b luksusowe auto.<\/p>\n<p>Jakie substancje bioaktywne znajduj\u0105 si\u0119 w rokitniku?\u00a0Jest ich a\u017c 190. S\u0105 to mi\u0119dzy innymi:<br \/>\n&#8211; 14 witamin (witaminy C A, E, F, K, P, B12),<br \/>\n&#8211; 11 mikroelement\u00f3w (m.in. \u017celazo, wap\u0144, potas, glin, krzem) ,<br \/>\n&#8211; 18 aminokwas\u00f3w,<br \/>\n&#8211; 22 kwasy t\u0142uszczowe,<br \/>\n&#8211; antyoksydanty,<br \/>\n&#8211; 42 lipidy.<\/p>\n<p>Tylko jeden owoc zawiera wi\u0119cej witaminy C ni\u017c rokitnik, a jest to dzika r\u00f3\u017ca. Je\u015bli zjemy 100 g rokitnika, to dostarczymy sobie dziennej dawki witaminy C z du\u017c\u0105 nawi\u0105zk\u0105. Powinni\u015bmy wi\u0119c przynajmniej owoce zjada\u0107 gar\u015bciami, jednak\u017ce smak nieco odstr\u0119cza od konsumpcji. Tu powtarza si\u0119 stara prawda, \u017ce to, co jest zdrowe, nie smakuje najlepiej (a co niezdrowe , jak s\u0142odycze, smakuje wybornie). Jednak\u017ce warto robi\u0107 przetwory z rokitnika z dodatkiem innych owoc\u00f3w, np. dzikiej r\u00f3\u017cy czy jab\u0142ek. Na podkre\u015blenie zas\u0142uguje fakt, \u017ce witamina C z rokitnika nie ulega rozk\u0142adowi podczas pra\u017cenia czy gotowania.<\/p>\n<p>Warto\u015b\u0107 od\u017cywcza 100ml: Warto\u015b\u0107 energetyczna \u2013 1187 kJ\/45 kcal, t\u0142uszcz \u2013 0,6 g, w tym kwasy t\u0142uszczowe nasycone \u2013 0,1 g, w\u0119glowodany \u2013 8 g, w tym cukry \u2013 7,9 g, b\u0142onnik \u2013 2,7 g, bia\u0142ko \u2013 0,5 g, s\u00f3l \u2013 0 g.<br \/>\nZawiera naturalnie wyst\u0119puj\u0105ce cukry. Ze wzgl\u0119du na zawarto\u015b\u0107 naturalnych sk\u0142adnik\u00f3w \u2013 kolor, zapach i smak poszczeg\u00f3lnych partii mo\u017ce si\u0119 r\u00f3\u017cni\u0107. Przechowywa\u0107 w temp. od 2\u00b0 do 25\u00b0C. Najlepiej smakuje sch\u0142odzony. Po otwarciu przechowywa\u0107 w lod\u00f3wce i spo\u017cy\u0107 w ci\u0105gu 14 dni.<\/p>\n<p><strong>NOWA MARKA SOK\u00d3W T\u0141OCZONYCH.<\/strong><\/p>\n<p>\u201eNo to SzOK\u201d \u2013 owocowy SzOK, dla organizmu rzecz jasna Nasze soki stworzone s\u0105 z my\u015bl\u0105 o osobach, kt\u00f3re prowadz\u0105 aktywny tryb \u017cycia. Poniewa\u017c dla utrzymania dobrej kondycji i zapobiegania wielu chorobom, nale\u017cy codziennie spo\u017cywa\u0107 ok. 400 g owoc\u00f3w i warzyw. Najlepszym i jednocze\u015bnie najta\u0144szym rozwi\u0105zaniem jest szklanka soku!<br \/>\nNajlepiej nie jedna. Wa\u017cne, aby w niej by\u0142 produkt pe\u0142nowarto\u015bciowy, a do takich nale\u017cy zaliczy\u0107 soki NFC. Co to znaczy? \u201eNot from concentrate\u201d \u2013 bez koncentratu, polepszaczy smaku i cukru Nasze produkty s\u0105 wytwarzane z wysegregowanych owoc\u00f3w i warzyw spe\u0142niaj\u0105cych najwy\u017csze normy jako\u015bci. No to co? Do dna!!!<\/p>\n","protected":false},"excerpt":{"rendered":"<p>Wk\u0142ad 3L 2szt.<\/p>\n<p>T\u0142oczony sok jab\u0142kowy\u00a0 92 %, t\u0142oczony sok z rokitnika <strong>8<\/strong>% \u2013 produkt pasteryzowany.<\/p>\n","protected":false},"featured_media":376,"comment_status":"open","ping_status":"closed","template":"","meta":[],"product_brand":[],"product_cat":[24],"product_tag":[18,21,20,17,22],"class_list":{"0":"post-209","1":"product","2":"type-product","3":"status-publish","4":"has-post-thumbnail","6":"product_cat-soki-owocowe","7":"product_tag-jablko","8":"product_tag-naturalny","9":"product_tag-rokitnik","10":"product_tag-sok","11":"product_tag-sok-tloczony","13":"first","14":"instock","15":"sale","16":"shipping-taxable","17":"purchasable","18":"product-type-simple"},"yoast_head":"<!-- This site is optimized with the Yoast SEO plugin v27.1.1 - https:\/\/yoast.com\/product\/yoast-seo-wordpress\/ -->\n<title>SOK jab\u0142kowy z rokitnikiem - wk\u0142ad 2 szt. - NoToSzOK! Sklep<\/title>\n<meta name=\"description\" content=\"Sok T\u0142oczony 100% Naturalny - SK\u0141AD: T\u0142oczony sok jab\u0142kowy\u00a0 92 %, t\u0142oczony sok z rokitnika 8%\" \/>\n<meta name=\"robots\" content=\"index, follow, max-snippet:-1, max-image-preview:large, max-video-preview:-1\" \/>\n<link rel=\"canonical\" href=\"https:\/\/notoszok.pl\/sklep\/index.php\/produkt\/sok-jablkowy-z-rokitnikiem-wklad-2-szt\/\" \/>\n<meta property=\"og:locale\" content=\"pl_PL\" \/>\n<meta property=\"og:type\" content=\"article\" \/>\n<meta property=\"og:title\" content=\"SOK jab\u0142kowy z rokitnikiem - wk\u0142ad 2 szt. - NoToSzOK! Sklep\" \/>\n<meta property=\"og:description\" content=\"Sok T\u0142oczony 100% Naturalny - SK\u0141AD: T\u0142oczony sok jab\u0142kowy\u00a0 92 %, t\u0142oczony sok z rokitnika 8%\" \/>\n<meta property=\"og:url\" content=\"https:\/\/notoszok.pl\/sklep\/index.php\/produkt\/sok-jablkowy-z-rokitnikiem-wklad-2-szt\/\" \/>\n<meta property=\"og:site_name\" content=\"NoToSzOK! Sklep\" \/>\n<meta property=\"article:modified_time\" content=\"2026-03-08T16:23:26+00:00\" \/>\n<meta property=\"og:image\" content=\"https:\/\/notoszok.pl\/sklep\/wp-content\/uploads\/2023\/05\/sok-jablko-rokitnik.png\" \/>\n\t<meta property=\"og:image:width\" content=\"1170\" \/>\n\t<meta property=\"og:image:height\" content=\"1170\" \/>\n\t<meta property=\"og:image:type\" content=\"image\/png\" \/>\n<meta name=\"twitter:card\" content=\"summary_large_image\" \/>\n<meta name=\"twitter:label1\" content=\"Szacowany czas czytania\" \/>\n\t<meta name=\"twitter:data1\" content=\"3 minuty\" \/>\n<script type=\"application\/ld+json\" class=\"yoast-schema-graph\">{\"@context\":\"https:\/\/schema.org\",\"@graph\":[{\"@type\":\"WebPage\",\"@id\":\"https:\/\/notoszok.pl\/sklep\/index.php\/produkt\/sok-jablkowy-z-rokitnikiem-wklad-2-szt\/\",\"url\":\"https:\/\/notoszok.pl\/sklep\/index.php\/produkt\/sok-jablkowy-z-rokitnikiem-wklad-2-szt\/\",\"name\":\"SOK jab\u0142kowy z rokitnikiem - wk\u0142ad 2 szt. - NoToSzOK! Sklep\",\"isPartOf\":{\"@id\":\"https:\/\/notoszok.pl\/sklep\/#website\"},\"primaryImageOfPage\":{\"@id\":\"https:\/\/notoszok.pl\/sklep\/index.php\/produkt\/sok-jablkowy-z-rokitnikiem-wklad-2-szt\/#primaryimage\"},\"image\":{\"@id\":\"https:\/\/notoszok.pl\/sklep\/index.php\/produkt\/sok-jablkowy-z-rokitnikiem-wklad-2-szt\/#primaryimage\"},\"thumbnailUrl\":\"https:\/\/notoszok.pl\/sklep\/wp-content\/uploads\/2023\/05\/sok-jablko-rokitnik.png\",\"datePublished\":\"2024-02-05T16:13:27+00:00\",\"dateModified\":\"2026-03-08T16:23:26+00:00\",\"description\":\"Sok T\u0142oczony 100% Naturalny - SK\u0141AD: T\u0142oczony sok jab\u0142kowy\u00a0 92 %, t\u0142oczony sok z rokitnika 8%\",\"breadcrumb\":{\"@id\":\"https:\/\/notoszok.pl\/sklep\/index.php\/produkt\/sok-jablkowy-z-rokitnikiem-wklad-2-szt\/#breadcrumb\"},\"inLanguage\":\"pl-PL\",\"potentialAction\":[{\"@type\":\"ReadAction\",\"target\":[\"https:\/\/notoszok.pl\/sklep\/index.php\/produkt\/sok-jablkowy-z-rokitnikiem-wklad-2-szt\/\"]}]},{\"@type\":\"ImageObject\",\"inLanguage\":\"pl-PL\",\"@id\":\"https:\/\/notoszok.pl\/sklep\/index.php\/produkt\/sok-jablkowy-z-rokitnikiem-wklad-2-szt\/#primaryimage\",\"url\":\"https:\/\/notoszok.pl\/sklep\/wp-content\/uploads\/2023\/05\/sok-jablko-rokitnik.png\",\"contentUrl\":\"https:\/\/notoszok.pl\/sklep\/wp-content\/uploads\/2023\/05\/sok-jablko-rokitnik.png\",\"width\":1170,\"height\":1170},{\"@type\":\"BreadcrumbList\",\"@id\":\"https:\/\/notoszok.pl\/sklep\/index.php\/produkt\/sok-jablkowy-z-rokitnikiem-wklad-2-szt\/#breadcrumb\",\"itemListElement\":[{\"@type\":\"ListItem\",\"position\":1,\"name\":\"Strona g\u0142\u00f3wna\",\"item\":\"https:\/\/notoszok.pl\/sklep\/\"},{\"@type\":\"ListItem\",\"position\":2,\"name\":\"Sklep\",\"item\":\"https:\/\/notoszok.pl\/sklep\/\"},{\"@type\":\"ListItem\",\"position\":3,\"name\":\"SOK jab\u0142kowy z rokitnikiem &#8211; wk\u0142ad 2 szt.\"}]},{\"@type\":\"WebSite\",\"@id\":\"https:\/\/notoszok.pl\/sklep\/#website\",\"url\":\"https:\/\/notoszok.pl\/sklep\/\",\"name\":\"NoToSzOK! Sklep\",\"description\":\"Soki Naturalne\",\"publisher\":{\"@id\":\"https:\/\/notoszok.pl\/sklep\/#organization\"},\"potentialAction\":[{\"@type\":\"SearchAction\",\"target\":{\"@type\":\"EntryPoint\",\"urlTemplate\":\"https:\/\/notoszok.pl\/sklep\/?s={search_term_string}\"},\"query-input\":{\"@type\":\"PropertyValueSpecification\",\"valueRequired\":true,\"valueName\":\"search_term_string\"}}],\"inLanguage\":\"pl-PL\"},{\"@type\":\"Organization\",\"@id\":\"https:\/\/notoszok.pl\/sklep\/#organization\",\"name\":\"NoToSzOK! Sklep\",\"url\":\"https:\/\/notoszok.pl\/sklep\/\",\"logo\":{\"@type\":\"ImageObject\",\"inLanguage\":\"pl-PL\",\"@id\":\"https:\/\/notoszok.pl\/sklep\/#\/schema\/logo\/image\/\",\"url\":\"https:\/\/notoszok.pl\/sklep\/wp-content\/uploads\/2023\/05\/notoszok-kolorowe-logo.png\",\"contentUrl\":\"https:\/\/notoszok.pl\/sklep\/wp-content\/uploads\/2023\/05\/notoszok-kolorowe-logo.png\",\"width\":1920,\"height\":2136,\"caption\":\"NoToSzOK! Sklep\"},\"image\":{\"@id\":\"https:\/\/notoszok.pl\/sklep\/#\/schema\/logo\/image\/\"}}]}<\/script>\n<!-- \/ Yoast SEO plugin. -->","yoast_head_json":{"title":"SOK jab\u0142kowy z rokitnikiem - wk\u0142ad 2 szt. - NoToSzOK! Sklep","description":"Sok T\u0142oczony 100% Naturalny - SK\u0141AD: T\u0142oczony sok jab\u0142kowy\u00a0 92 %, t\u0142oczony sok z rokitnika 8%","robots":{"index":"index","follow":"follow","max-snippet":"max-snippet:-1","max-image-preview":"max-image-preview:large","max-video-preview":"max-video-preview:-1"},"canonical":"https:\/\/notoszok.pl\/sklep\/index.php\/produkt\/sok-jablkowy-z-rokitnikiem-wklad-2-szt\/","og_locale":"pl_PL","og_type":"article","og_title":"SOK jab\u0142kowy z rokitnikiem - wk\u0142ad 2 szt. - NoToSzOK! Sklep","og_description":"Sok T\u0142oczony 100% Naturalny - SK\u0141AD: T\u0142oczony sok jab\u0142kowy\u00a0 92 %, t\u0142oczony sok z rokitnika 8%","og_url":"https:\/\/notoszok.pl\/sklep\/index.php\/produkt\/sok-jablkowy-z-rokitnikiem-wklad-2-szt\/","og_site_name":"NoToSzOK! Sklep","article_modified_time":"2026-03-08T16:23:26+00:00","og_image":[{"width":1170,"height":1170,"url":"https:\/\/notoszok.pl\/sklep\/wp-content\/uploads\/2023\/05\/sok-jablko-rokitnik.png","type":"image\/png"}],"twitter_card":"summary_large_image","twitter_misc":{"Szacowany czas czytania":"3 minuty"},"schema":{"@context":"https:\/\/schema.org","@graph":[{"@type":"WebPage","@id":"https:\/\/notoszok.pl\/sklep\/index.php\/produkt\/sok-jablkowy-z-rokitnikiem-wklad-2-szt\/","url":"https:\/\/notoszok.pl\/sklep\/index.php\/produkt\/sok-jablkowy-z-rokitnikiem-wklad-2-szt\/","name":"SOK jab\u0142kowy z rokitnikiem - wk\u0142ad 2 szt. - NoToSzOK! Sklep","isPartOf":{"@id":"https:\/\/notoszok.pl\/sklep\/#website"},"primaryImageOfPage":{"@id":"https:\/\/notoszok.pl\/sklep\/index.php\/produkt\/sok-jablkowy-z-rokitnikiem-wklad-2-szt\/#primaryimage"},"image":{"@id":"https:\/\/notoszok.pl\/sklep\/index.php\/produkt\/sok-jablkowy-z-rokitnikiem-wklad-2-szt\/#primaryimage"},"thumbnailUrl":"https:\/\/notoszok.pl\/sklep\/wp-content\/uploads\/2023\/05\/sok-jablko-rokitnik.png","datePublished":"2024-02-05T16:13:27+00:00","dateModified":"2026-03-08T16:23:26+00:00","description":"Sok T\u0142oczony 100% Naturalny - SK\u0141AD: T\u0142oczony sok jab\u0142kowy\u00a0 92 %, t\u0142oczony sok z rokitnika 8%","breadcrumb":{"@id":"https:\/\/notoszok.pl\/sklep\/index.php\/produkt\/sok-jablkowy-z-rokitnikiem-wklad-2-szt\/#breadcrumb"},"inLanguage":"pl-PL","potentialAction":[{"@type":"ReadAction","target":["https:\/\/notoszok.pl\/sklep\/index.php\/produkt\/sok-jablkowy-z-rokitnikiem-wklad-2-szt\/"]}]},{"@type":"ImageObject","inLanguage":"pl-PL","@id":"https:\/\/notoszok.pl\/sklep\/index.php\/produkt\/sok-jablkowy-z-rokitnikiem-wklad-2-szt\/#primaryimage","url":"https:\/\/notoszok.pl\/sklep\/wp-content\/uploads\/2023\/05\/sok-jablko-rokitnik.png","contentUrl":"https:\/\/notoszok.pl\/sklep\/wp-content\/uploads\/2023\/05\/sok-jablko-rokitnik.png","width":1170,"height":1170},{"@type":"BreadcrumbList","@id":"https:\/\/notoszok.pl\/sklep\/index.php\/produkt\/sok-jablkowy-z-rokitnikiem-wklad-2-szt\/#breadcrumb","itemListElement":[{"@type":"ListItem","position":1,"name":"Strona g\u0142\u00f3wna","item":"https:\/\/notoszok.pl\/sklep\/"},{"@type":"ListItem","position":2,"name":"Sklep","item":"https:\/\/notoszok.pl\/sklep\/"},{"@type":"ListItem","position":3,"name":"SOK jab\u0142kowy z rokitnikiem &#8211; wk\u0142ad 2 szt."}]},{"@type":"WebSite","@id":"https:\/\/notoszok.pl\/sklep\/#website","url":"https:\/\/notoszok.pl\/sklep\/","name":"NoToSzOK! Sklep","description":"Soki Naturalne","publisher":{"@id":"https:\/\/notoszok.pl\/sklep\/#organization"},"potentialAction":[{"@type":"SearchAction","target":{"@type":"EntryPoint","urlTemplate":"https:\/\/notoszok.pl\/sklep\/?s={search_term_string}"},"query-input":{"@type":"PropertyValueSpecification","valueRequired":true,"valueName":"search_term_string"}}],"inLanguage":"pl-PL"},{"@type":"Organization","@id":"https:\/\/notoszok.pl\/sklep\/#organization","name":"NoToSzOK! Sklep","url":"https:\/\/notoszok.pl\/sklep\/","logo":{"@type":"ImageObject","inLanguage":"pl-PL","@id":"https:\/\/notoszok.pl\/sklep\/#\/schema\/logo\/image\/","url":"https:\/\/notoszok.pl\/sklep\/wp-content\/uploads\/2023\/05\/notoszok-kolorowe-logo.png","contentUrl":"https:\/\/notoszok.pl\/sklep\/wp-content\/uploads\/2023\/05\/notoszok-kolorowe-logo.png","width":1920,"height":2136,"caption":"NoToSzOK! Sklep"},"image":{"@id":"https:\/\/notoszok.pl\/sklep\/#\/schema\/logo\/image\/"}}]}},"jetpack_sharing_enabled":true,"_links":{"self":[{"href":"https:\/\/notoszok.pl\/sklep\/index.php\/wp-json\/wp\/v2\/product\/209","targetHints":{"allow":["GET"]}}],"collection":[{"href":"https:\/\/notoszok.pl\/sklep\/index.php\/wp-json\/wp\/v2\/product"}],"about":[{"href":"https:\/\/notoszok.pl\/sklep\/index.php\/wp-json\/wp\/v2\/types\/product"}],"replies":[{"embeddable":true,"href":"https:\/\/notoszok.pl\/sklep\/index.php\/wp-json\/wp\/v2\/comments?post=209"}],"wp:featuredmedia":[{"embeddable":true,"href":"https:\/\/notoszok.pl\/sklep\/index.php\/wp-json\/wp\/v2\/media\/376"}],"wp:attachment":[{"href":"https:\/\/notoszok.pl\/sklep\/index.php\/wp-json\/wp\/v2\/media?parent=209"}],"wp:term":[{"taxonomy":"product_brand","embeddable":true,"href":"https:\/\/notoszok.pl\/sklep\/index.php\/wp-json\/wp\/v2\/product_brand?post=209"},{"taxonomy":"product_cat","embeddable":true,"href":"https:\/\/notoszok.pl\/sklep\/index.php\/wp-json\/wp\/v2\/product_cat?post=209"},{"taxonomy":"product_tag","embeddable":true,"href":"https:\/\/notoszok.pl\/sklep\/index.php\/wp-json\/wp\/v2\/product_tag?post=209"}],"curies":[{"name":"wp","href":"https:\/\/api.w.org\/{rel}","templated":true}]}}