{"id":478,"date":"2024-04-17T09:39:27","date_gmt":"2024-04-17T09:39:27","guid":{"rendered":"https:\/\/notoszok.pl\/sklep\/?post_type=product&#038;p=478"},"modified":"2026-03-08T16:36:26","modified_gmt":"2026-03-08T16:36:26","slug":"sok-z-pomaranczy-100-3l-wklad-1szt","status":"publish","type":"product","link":"https:\/\/notoszok.pl\/sklep\/index.php\/produkt\/sok-z-pomaranczy-100-3l-wklad-1szt\/","title":{"rendered":"Sok z POMARA\u0143CZY 100% 3L &#8211; wk\u0142ad 1szt."},"content":{"rendered":"<p>&nbsp;<\/p>\n<h1>\u00a0\u00a0\u00a0\u00a0\u00a0 Sok z pomara\u0144czy 100% 3L wk\u0142ad<\/h1>\n<p><strong>Sk\u0142ad:<\/strong> sok z pomara\u0144czy 100%<\/p>\n<p><strong>Smak:<\/strong> s\u0142odko-kwa\u015bny z delikatn\u0105 nut\u0105 goryczki<\/p>\n<p>Cena za 1 litr &#8211; 12,33z\u0142<\/p>\n<p>&nbsp;<\/p>\n<p>Nasze soki s\u0105<\/p>\n<p>Naturalne w 100%<\/p>\n<p>bez dodatku konserwant\u00f3w<\/p>\n<p>bez sztucznych barwnik\u00f3w i aromat\u00f3w<\/p>\n<p>bez wody i innych rozcie\u0144czaczy<\/p>\n<p>bez dodatku cukru i substancji s\u0142odz\u0105cych<\/p>\n<p>Sok pomara\u0144czowy to bomba witaminowa, wspomaga naturaln\u0105 odporno\u015b\u0107 organizmu zw\u0142aszcza w sezonie jesienno-zimowym, a dzi\u0119ki swojej niskokaloryczno\u015bci jest urozmaiceniem r\u00f3\u017cnych diet.<\/p>\n<p>&nbsp;<\/p>\n<p>Pomara\u0144cza jest znakomity \u017ar\u00f3d\u0142em:<\/p>\n<ul>\n<li>witaminy C kt\u00f3ra dzia\u0142a przeciwutleniaj\u0105co<\/li>\n<li>witaminy z grupy B<\/li>\n<li>beta-karotenu kt\u00f3ry spowalnia proces starzenia si\u0119 sk\u00f3ry<\/li>\n<li>b\u0142onnika, pomaga w oczyszczeniu organizmu wspieraj\u0105c przemian\u0119 materii<\/li>\n<li>potasu ,zapobiega nadci\u015bnieniu t\u0119tniczemu i reguluje rytm serca<\/li>\n<li>oraz pozosta\u0142ych witamin takich jak wap\u0144, magnez, fosfor, \u017celazo, selen i cynk.<\/li>\n<\/ul>\n<p>Jedna szklanka soku uzupe\u0142nia dzienne zapotrzebowanie na wit C.<\/p>\n<p>T\u0142oczony na zimno ze \u015bwie\u017cych owoc\u00f3w, nast\u0119pnie poddany lekkiej pasteryzacji w temperaturze 78&#8217;C dzi\u0119ki czemu zatrzymuje cenne warto\u015bci od\u017cywcze.<\/p>\n<p>Nalany w worki typu bag-in-box z kranikiem.<\/p>\n<p><strong>Warunki przechowywania: <\/strong>po otwarciu 14 dni w temp.pokojowej. Nale\u017cy pami\u0119ta\u0107 \u017ce kranik powinien by\u0107 ca\u0142y czas zalany sokiem.<\/p>\n<p>M\u0119tno\u015b\u0107 i osad s\u0105 zjawiskiem naturalnym powsta\u0142ym w wyniku<br \/>\nt\u0142oczenia. Przed u\u017cyciem wstrz\u0105sn\u0105\u0107.<\/p>\n<p>Smak i kolor soku mog\u0105 si\u0119 nieznacznie r\u00f3\u017cni\u0107 w zale\u017cno\u015bci od pory roku i u\u017cytych odmian surowca.<\/p>\n<p>&nbsp;<\/p>\n<p>&nbsp;<\/p>\n<p><strong>NOWA MARKA SOK\u00d3W T\u0141OCZONYCH.<\/strong><\/p>\n<p>\u201eNo to SzOK\u201d \u2013 owocowy SzOK, dla organizmu rzecz jasna Nasze soki stworzone s\u0105 z my\u015bl\u0105 o osobach, kt\u00f3re prowadz\u0105 aktywny tryb \u017cycia. Poniewa\u017c dla utrzymania dobrej kondycji i zapobiegania wielu chorobom, nale\u017cy codziennie spo\u017cywa\u0107 ok. 400 g owoc\u00f3w i warzyw. Najlepszym i jednocze\u015bnie najta\u0144szym rozwi\u0105zaniem jest szklanka soku!<br \/>\nNajlepiej nie jedna. Wa\u017cne, aby w niej by\u0142 produkt pe\u0142nowarto\u015bciowy, a do takich nale\u017cy zaliczy\u0107 soki NFC. Co to znaczy? \u201eNot from concentrate\u201d \u2013 bez koncentratu, polepszaczy smaku i cukru Nasze produkty s\u0105 wytwarzane z wysegregowanych owoc\u00f3w i warzyw spe\u0142niaj\u0105cych najwy\u017csze normy jako\u015bci. No to co? Do dna!!!<\/p>\n","protected":false},"excerpt":{"rendered":"<h4><strong>Sok z POMARA\u0143CZY 100% 3L, wk\u0142ad \u2013 <\/strong><\/h4>\n<h4><strong>produkt pasteryzowany. <\/strong><\/h4>\n<h4><strong>NFC 100% Naturalny<\/strong><\/h4>\n","protected":false},"featured_media":461,"comment_status":"open","ping_status":"closed","template":"","meta":[],"product_brand":[],"product_cat":[24],"product_tag":[42,21,33,102,17,103,22],"class_list":{"0":"post-478","1":"product","2":"type-product","3":"status-publish","4":"has-post-thumbnail","6":"product_cat-soki-owocowe","7":"product_tag-100-naturalny","8":"product_tag-naturalny","9":"product_tag-nfc","10":"product_tag-pomarancz","11":"product_tag-sok","12":"product_tag-sok-pomaranczowy","13":"product_tag-sok-tloczony","15":"first","16":"instock","17":"shipping-taxable","18":"purchasable","19":"product-type-simple"},"yoast_head":"<!-- This site is optimized with the Yoast SEO plugin v27.1.1 - https:\/\/yoast.com\/product\/yoast-seo-wordpress\/ -->\n<title>Sok z POMARA\u0143CZY 100% 3L - wk\u0142ad 1szt. - NoToSzOK! Sklep<\/title>\n<meta name=\"description\" content=\"Smak: s\u0142odko-kwa\u015bny z delikatn\u0105 nut\u0105 goryczki - 100% NATURALNY - bez konserwant\u00f3w\" \/>\n<meta name=\"robots\" content=\"index, follow, max-snippet:-1, max-image-preview:large, max-video-preview:-1\" \/>\n<link rel=\"canonical\" href=\"https:\/\/notoszok.pl\/sklep\/index.php\/produkt\/sok-z-pomaranczy-100-3l-wklad-1szt\/\" \/>\n<meta property=\"og:locale\" content=\"pl_PL\" \/>\n<meta property=\"og:type\" content=\"article\" \/>\n<meta property=\"og:title\" content=\"Sok z POMARA\u0143CZY 100% 3L - wk\u0142ad 1szt. - NoToSzOK! Sklep\" \/>\n<meta property=\"og:description\" content=\"Smak: s\u0142odko-kwa\u015bny z delikatn\u0105 nut\u0105 goryczki - 100% NATURALNY - bez konserwant\u00f3w\" \/>\n<meta property=\"og:url\" content=\"https:\/\/notoszok.pl\/sklep\/index.php\/produkt\/sok-z-pomaranczy-100-3l-wklad-1szt\/\" \/>\n<meta property=\"og:site_name\" content=\"NoToSzOK! Sklep\" \/>\n<meta property=\"article:modified_time\" content=\"2026-03-08T16:36:26+00:00\" \/>\n<meta property=\"og:image\" content=\"https:\/\/notoszok.pl\/sklep\/wp-content\/uploads\/2024\/03\/Zdjecie-WhatsApp-2024-03-19-o-19.39.01_0555c6cb.jpg\" \/>\n\t<meta property=\"og:image:width\" content=\"1170\" \/>\n\t<meta property=\"og:image:height\" content=\"1170\" \/>\n\t<meta property=\"og:image:type\" content=\"image\/jpeg\" \/>\n<meta name=\"twitter:card\" content=\"summary_large_image\" \/>\n<meta name=\"twitter:label1\" content=\"Szacowany czas czytania\" \/>\n\t<meta name=\"twitter:data1\" content=\"2 minuty\" \/>\n<script type=\"application\/ld+json\" class=\"yoast-schema-graph\">{\"@context\":\"https:\/\/schema.org\",\"@graph\":[{\"@type\":\"WebPage\",\"@id\":\"https:\/\/notoszok.pl\/sklep\/index.php\/produkt\/sok-z-pomaranczy-100-3l-wklad-1szt\/\",\"url\":\"https:\/\/notoszok.pl\/sklep\/index.php\/produkt\/sok-z-pomaranczy-100-3l-wklad-1szt\/\",\"name\":\"Sok z POMARA\u0143CZY 100% 3L - wk\u0142ad 1szt. - NoToSzOK! Sklep\",\"isPartOf\":{\"@id\":\"https:\/\/notoszok.pl\/sklep\/#website\"},\"primaryImageOfPage\":{\"@id\":\"https:\/\/notoszok.pl\/sklep\/index.php\/produkt\/sok-z-pomaranczy-100-3l-wklad-1szt\/#primaryimage\"},\"image\":{\"@id\":\"https:\/\/notoszok.pl\/sklep\/index.php\/produkt\/sok-z-pomaranczy-100-3l-wklad-1szt\/#primaryimage\"},\"thumbnailUrl\":\"https:\/\/notoszok.pl\/sklep\/wp-content\/uploads\/2024\/03\/Zdjecie-WhatsApp-2024-03-19-o-19.39.01_0555c6cb.jpg\",\"datePublished\":\"2024-04-17T09:39:27+00:00\",\"dateModified\":\"2026-03-08T16:36:26+00:00\",\"description\":\"Smak: s\u0142odko-kwa\u015bny z delikatn\u0105 nut\u0105 goryczki - 100% NATURALNY - bez konserwant\u00f3w\",\"breadcrumb\":{\"@id\":\"https:\/\/notoszok.pl\/sklep\/index.php\/produkt\/sok-z-pomaranczy-100-3l-wklad-1szt\/#breadcrumb\"},\"inLanguage\":\"pl-PL\",\"potentialAction\":[{\"@type\":\"ReadAction\",\"target\":[\"https:\/\/notoszok.pl\/sklep\/index.php\/produkt\/sok-z-pomaranczy-100-3l-wklad-1szt\/\"]}]},{\"@type\":\"ImageObject\",\"inLanguage\":\"pl-PL\",\"@id\":\"https:\/\/notoszok.pl\/sklep\/index.php\/produkt\/sok-z-pomaranczy-100-3l-wklad-1szt\/#primaryimage\",\"url\":\"https:\/\/notoszok.pl\/sklep\/wp-content\/uploads\/2024\/03\/Zdjecie-WhatsApp-2024-03-19-o-19.39.01_0555c6cb.jpg\",\"contentUrl\":\"https:\/\/notoszok.pl\/sklep\/wp-content\/uploads\/2024\/03\/Zdjecie-WhatsApp-2024-03-19-o-19.39.01_0555c6cb.jpg\",\"width\":1170,\"height\":1170,\"caption\":\"sok pomara\u0144czowy notoszok\"},{\"@type\":\"BreadcrumbList\",\"@id\":\"https:\/\/notoszok.pl\/sklep\/index.php\/produkt\/sok-z-pomaranczy-100-3l-wklad-1szt\/#breadcrumb\",\"itemListElement\":[{\"@type\":\"ListItem\",\"position\":1,\"name\":\"Strona g\u0142\u00f3wna\",\"item\":\"https:\/\/notoszok.pl\/sklep\/\"},{\"@type\":\"ListItem\",\"position\":2,\"name\":\"Sklep\",\"item\":\"https:\/\/notoszok.pl\/sklep\/\"},{\"@type\":\"ListItem\",\"position\":3,\"name\":\"Sok z POMARA\u0143CZY 100% 3L &#8211; wk\u0142ad 1szt.\"}]},{\"@type\":\"WebSite\",\"@id\":\"https:\/\/notoszok.pl\/sklep\/#website\",\"url\":\"https:\/\/notoszok.pl\/sklep\/\",\"name\":\"NoToSzOK! Sklep\",\"description\":\"Soki Naturalne\",\"publisher\":{\"@id\":\"https:\/\/notoszok.pl\/sklep\/#organization\"},\"potentialAction\":[{\"@type\":\"SearchAction\",\"target\":{\"@type\":\"EntryPoint\",\"urlTemplate\":\"https:\/\/notoszok.pl\/sklep\/?s={search_term_string}\"},\"query-input\":{\"@type\":\"PropertyValueSpecification\",\"valueRequired\":true,\"valueName\":\"search_term_string\"}}],\"inLanguage\":\"pl-PL\"},{\"@type\":\"Organization\",\"@id\":\"https:\/\/notoszok.pl\/sklep\/#organization\",\"name\":\"NoToSzOK! Sklep\",\"url\":\"https:\/\/notoszok.pl\/sklep\/\",\"logo\":{\"@type\":\"ImageObject\",\"inLanguage\":\"pl-PL\",\"@id\":\"https:\/\/notoszok.pl\/sklep\/#\/schema\/logo\/image\/\",\"url\":\"https:\/\/notoszok.pl\/sklep\/wp-content\/uploads\/2023\/05\/notoszok-kolorowe-logo.png\",\"contentUrl\":\"https:\/\/notoszok.pl\/sklep\/wp-content\/uploads\/2023\/05\/notoszok-kolorowe-logo.png\",\"width\":1920,\"height\":2136,\"caption\":\"NoToSzOK! Sklep\"},\"image\":{\"@id\":\"https:\/\/notoszok.pl\/sklep\/#\/schema\/logo\/image\/\"}}]}<\/script>\n<!-- \/ Yoast SEO plugin. -->","yoast_head_json":{"title":"Sok z POMARA\u0143CZY 100% 3L - wk\u0142ad 1szt. - NoToSzOK! Sklep","description":"Smak: s\u0142odko-kwa\u015bny z delikatn\u0105 nut\u0105 goryczki - 100% NATURALNY - bez konserwant\u00f3w","robots":{"index":"index","follow":"follow","max-snippet":"max-snippet:-1","max-image-preview":"max-image-preview:large","max-video-preview":"max-video-preview:-1"},"canonical":"https:\/\/notoszok.pl\/sklep\/index.php\/produkt\/sok-z-pomaranczy-100-3l-wklad-1szt\/","og_locale":"pl_PL","og_type":"article","og_title":"Sok z POMARA\u0143CZY 100% 3L - wk\u0142ad 1szt. - NoToSzOK! Sklep","og_description":"Smak: s\u0142odko-kwa\u015bny z delikatn\u0105 nut\u0105 goryczki - 100% NATURALNY - bez konserwant\u00f3w","og_url":"https:\/\/notoszok.pl\/sklep\/index.php\/produkt\/sok-z-pomaranczy-100-3l-wklad-1szt\/","og_site_name":"NoToSzOK! Sklep","article_modified_time":"2026-03-08T16:36:26+00:00","og_image":[{"width":1170,"height":1170,"url":"https:\/\/notoszok.pl\/sklep\/wp-content\/uploads\/2024\/03\/Zdjecie-WhatsApp-2024-03-19-o-19.39.01_0555c6cb.jpg","type":"image\/jpeg"}],"twitter_card":"summary_large_image","twitter_misc":{"Szacowany czas czytania":"2 minuty"},"schema":{"@context":"https:\/\/schema.org","@graph":[{"@type":"WebPage","@id":"https:\/\/notoszok.pl\/sklep\/index.php\/produkt\/sok-z-pomaranczy-100-3l-wklad-1szt\/","url":"https:\/\/notoszok.pl\/sklep\/index.php\/produkt\/sok-z-pomaranczy-100-3l-wklad-1szt\/","name":"Sok z POMARA\u0143CZY 100% 3L - wk\u0142ad 1szt. - NoToSzOK! Sklep","isPartOf":{"@id":"https:\/\/notoszok.pl\/sklep\/#website"},"primaryImageOfPage":{"@id":"https:\/\/notoszok.pl\/sklep\/index.php\/produkt\/sok-z-pomaranczy-100-3l-wklad-1szt\/#primaryimage"},"image":{"@id":"https:\/\/notoszok.pl\/sklep\/index.php\/produkt\/sok-z-pomaranczy-100-3l-wklad-1szt\/#primaryimage"},"thumbnailUrl":"https:\/\/notoszok.pl\/sklep\/wp-content\/uploads\/2024\/03\/Zdjecie-WhatsApp-2024-03-19-o-19.39.01_0555c6cb.jpg","datePublished":"2024-04-17T09:39:27+00:00","dateModified":"2026-03-08T16:36:26+00:00","description":"Smak: s\u0142odko-kwa\u015bny z delikatn\u0105 nut\u0105 goryczki - 100% NATURALNY - bez konserwant\u00f3w","breadcrumb":{"@id":"https:\/\/notoszok.pl\/sklep\/index.php\/produkt\/sok-z-pomaranczy-100-3l-wklad-1szt\/#breadcrumb"},"inLanguage":"pl-PL","potentialAction":[{"@type":"ReadAction","target":["https:\/\/notoszok.pl\/sklep\/index.php\/produkt\/sok-z-pomaranczy-100-3l-wklad-1szt\/"]}]},{"@type":"ImageObject","inLanguage":"pl-PL","@id":"https:\/\/notoszok.pl\/sklep\/index.php\/produkt\/sok-z-pomaranczy-100-3l-wklad-1szt\/#primaryimage","url":"https:\/\/notoszok.pl\/sklep\/wp-content\/uploads\/2024\/03\/Zdjecie-WhatsApp-2024-03-19-o-19.39.01_0555c6cb.jpg","contentUrl":"https:\/\/notoszok.pl\/sklep\/wp-content\/uploads\/2024\/03\/Zdjecie-WhatsApp-2024-03-19-o-19.39.01_0555c6cb.jpg","width":1170,"height":1170,"caption":"sok pomara\u0144czowy notoszok"},{"@type":"BreadcrumbList","@id":"https:\/\/notoszok.pl\/sklep\/index.php\/produkt\/sok-z-pomaranczy-100-3l-wklad-1szt\/#breadcrumb","itemListElement":[{"@type":"ListItem","position":1,"name":"Strona g\u0142\u00f3wna","item":"https:\/\/notoszok.pl\/sklep\/"},{"@type":"ListItem","position":2,"name":"Sklep","item":"https:\/\/notoszok.pl\/sklep\/"},{"@type":"ListItem","position":3,"name":"Sok z POMARA\u0143CZY 100% 3L &#8211; wk\u0142ad 1szt."}]},{"@type":"WebSite","@id":"https:\/\/notoszok.pl\/sklep\/#website","url":"https:\/\/notoszok.pl\/sklep\/","name":"NoToSzOK! Sklep","description":"Soki Naturalne","publisher":{"@id":"https:\/\/notoszok.pl\/sklep\/#organization"},"potentialAction":[{"@type":"SearchAction","target":{"@type":"EntryPoint","urlTemplate":"https:\/\/notoszok.pl\/sklep\/?s={search_term_string}"},"query-input":{"@type":"PropertyValueSpecification","valueRequired":true,"valueName":"search_term_string"}}],"inLanguage":"pl-PL"},{"@type":"Organization","@id":"https:\/\/notoszok.pl\/sklep\/#organization","name":"NoToSzOK! Sklep","url":"https:\/\/notoszok.pl\/sklep\/","logo":{"@type":"ImageObject","inLanguage":"pl-PL","@id":"https:\/\/notoszok.pl\/sklep\/#\/schema\/logo\/image\/","url":"https:\/\/notoszok.pl\/sklep\/wp-content\/uploads\/2023\/05\/notoszok-kolorowe-logo.png","contentUrl":"https:\/\/notoszok.pl\/sklep\/wp-content\/uploads\/2023\/05\/notoszok-kolorowe-logo.png","width":1920,"height":2136,"caption":"NoToSzOK! Sklep"},"image":{"@id":"https:\/\/notoszok.pl\/sklep\/#\/schema\/logo\/image\/"}}]}},"jetpack_sharing_enabled":true,"_links":{"self":[{"href":"https:\/\/notoszok.pl\/sklep\/index.php\/wp-json\/wp\/v2\/product\/478","targetHints":{"allow":["GET"]}}],"collection":[{"href":"https:\/\/notoszok.pl\/sklep\/index.php\/wp-json\/wp\/v2\/product"}],"about":[{"href":"https:\/\/notoszok.pl\/sklep\/index.php\/wp-json\/wp\/v2\/types\/product"}],"replies":[{"embeddable":true,"href":"https:\/\/notoszok.pl\/sklep\/index.php\/wp-json\/wp\/v2\/comments?post=478"}],"wp:featuredmedia":[{"embeddable":true,"href":"https:\/\/notoszok.pl\/sklep\/index.php\/wp-json\/wp\/v2\/media\/461"}],"wp:attachment":[{"href":"https:\/\/notoszok.pl\/sklep\/index.php\/wp-json\/wp\/v2\/media?parent=478"}],"wp:term":[{"taxonomy":"product_brand","embeddable":true,"href":"https:\/\/notoszok.pl\/sklep\/index.php\/wp-json\/wp\/v2\/product_brand?post=478"},{"taxonomy":"product_cat","embeddable":true,"href":"https:\/\/notoszok.pl\/sklep\/index.php\/wp-json\/wp\/v2\/product_cat?post=478"},{"taxonomy":"product_tag","embeddable":true,"href":"https:\/\/notoszok.pl\/sklep\/index.php\/wp-json\/wp\/v2\/product_tag?post=478"}],"curies":[{"name":"wp","href":"https:\/\/api.w.org\/{rel}","templated":true}]}}