{"id":585,"date":"2024-06-25T07:23:51","date_gmt":"2024-06-25T07:23:51","guid":{"rendered":"https:\/\/notoszok.pl\/sklep\/?post_type=product&#038;p=585"},"modified":"2024-11-09T15:52:13","modified_gmt":"2024-11-09T15:52:13","slug":"jablko-w-pokrzywie-3l","status":"publish","type":"product","link":"https:\/\/notoszok.pl\/sklep\/index.php\/produkt\/jablko-w-pokrzywie-3l\/","title":{"rendered":"Jab\u0142ko w POKRZYWIE 3L w kartonie &#8211; Edycja Limitowana BUKOWISKO 2024"},"content":{"rendered":"<p><strong>Naturalny Sok T\u0142oczony Jab\u0142ko z pokrzyw\u0105 \u00a03 L<\/strong><\/p>\n<p>Cena za litr &#8211; 10,66 z\u0142 za litr<\/p>\n<p>Sok bezpo\u015brednio t\u0142oczony. Pasteryzowany<br \/>\nSk\u0142adniki: <strong>Sok z jab\u0142ek 88%, Sok z pokrzywy 10%, sok z cytryny 2%<\/strong><\/p>\n<p>Warto\u015b\u0107 od\u017cywcza w 100ml soku<\/p>\n<p>Warto\u015b\u0107 energetyczna 191 kJ \/ 45 kcal<\/p>\n<p>T\u0142uszcz 0,0g<br \/>\nw tym kwasy t\u0142uszczowe<br \/>\nnasycone 0,0g<\/p>\n<p>W\u0119glowodany 11,1g<br \/>\n-w tym cukry 9,17g<\/p>\n<p>B\u0142onnik 0,0g<br \/>\nBia\u0142ko 0,16g<br \/>\nS\u00f3l 0,01g<\/p>\n<p>Smak i kolor soku mog\u0105 si\u0119 nieznacznie r\u00f3\u017cni\u0107 w zale\u017cno\u015bci od pory roku i u\u017cytych odmian surowca.<\/p>\n<p>Warunki przechowywania: Przechowywa\u0107 w ch\u0142odnym i zacienionym miejscu. Po otwarciu sok<br \/>\nzachowuje \u015bwie\u017co\u015b\u0107 do 14 dni pod warunkiem, \u017ce zaw\u00f3r zawsze jest zalany sokiem.<\/p>\n<p>&nbsp;<\/p>\n<p><strong>NOWA MARKA SOK\u00d3W T\u0141OCZONYCH.<\/strong><\/p>\n<p>\u201eNo to SzOK\u201d \u2013 owocowy SzOK, dla organizmu rzecz jasna Nasze soki stworzone s\u0105 z my\u015bl\u0105 o osobach, kt\u00f3re prowadz\u0105 aktywny tryb \u017cycia. Poniewa\u017c dla utrzymania dobrej kondycji i zapobiegania wielu chorobom, nale\u017cy codziennie spo\u017cywa\u0107 ok. 400 g owoc\u00f3w i warzyw. Najlepszym i jednocze\u015bnie najta\u0144szym rozwi\u0105zaniem jest szklanka soku!<br \/>\nNajlepiej nie jedna. Wa\u017cne, aby w niej by\u0142 produkt pe\u0142nowarto\u015bciowy, a do takich nale\u017cy zaliczy\u0107 soki NFC. Co to znaczy? \u201eNot from concentrate\u201d \u2013 bez koncentratu, polepszaczy smaku i cukru Nasze produkty s\u0105 wytwarzane z wysegregowanych owoc\u00f3w i warzyw spe\u0142niaj\u0105cych najwy\u017csze normy jako\u015bci. No to co? Do dna!!!<\/p>\n","protected":false},"excerpt":{"rendered":"<p><strong>Sok z jab\u0142ek 88%, Sok z pokrzywy 10%, sok z cytryny 2%<\/strong> \u2013 produkt pasteryzowany.<\/p>\n","protected":false},"featured_media":586,"comment_status":"open","ping_status":"closed","template":"","meta":[],"product_brand":[],"product_cat":[24],"product_tag":[18,21,108,17,109,22,107],"class_list":{"0":"post-585","1":"product","2":"type-product","3":"status-publish","4":"has-post-thumbnail","6":"product_cat-soki-owocowe","7":"product_tag-jablko","8":"product_tag-naturalny","9":"product_tag-pokrzywa","10":"product_tag-sok","11":"product_tag-sok-jablko-pokrzywa","12":"product_tag-sok-tloczony","13":"product_tag-sok-z-pokrzywy","15":"first","16":"outofstock","17":"shipping-taxable","18":"purchasable","19":"product-type-simple"},"yoast_head":"<!-- This site is optimized with the Yoast SEO plugin v27.1.1 - https:\/\/yoast.com\/product\/yoast-seo-wordpress\/ -->\n<title>Jab\u0142ko w POKRZYWIE 3L w kartonie - Edycja Limitowana BUKOWISKO 2024 - NoToSzOK! Sklep<\/title>\n<meta name=\"robots\" content=\"index, follow, max-snippet:-1, max-image-preview:large, max-video-preview:-1\" \/>\n<link rel=\"canonical\" href=\"https:\/\/notoszok.pl\/sklep\/index.php\/produkt\/jablko-w-pokrzywie-3l\/\" \/>\n<meta property=\"og:locale\" content=\"pl_PL\" \/>\n<meta property=\"og:type\" content=\"article\" \/>\n<meta property=\"og:title\" content=\"Jab\u0142ko w POKRZYWIE 3L w kartonie - Edycja Limitowana BUKOWISKO 2024 - NoToSzOK! Sklep\" \/>\n<meta property=\"og:description\" content=\"Sok z jab\u0142ek 88%, Sok z pokrzywy 10%, sok z cytryny 2% \u2013 produkt pasteryzowany.\" \/>\n<meta property=\"og:url\" content=\"https:\/\/notoszok.pl\/sklep\/index.php\/produkt\/jablko-w-pokrzywie-3l\/\" \/>\n<meta property=\"og:site_name\" content=\"NoToSzOK! Sklep\" \/>\n<meta property=\"article:modified_time\" content=\"2024-11-09T15:52:13+00:00\" \/>\n<meta property=\"og:image\" content=\"https:\/\/notoszok.pl\/sklep\/wp-content\/uploads\/2024\/06\/IMG_9322-scaled-e1719391041603.jpeg\" \/>\n\t<meta property=\"og:image:width\" content=\"921\" \/>\n\t<meta property=\"og:image:height\" content=\"1314\" \/>\n\t<meta property=\"og:image:type\" content=\"image\/jpeg\" \/>\n<meta name=\"twitter:card\" content=\"summary_large_image\" \/>\n<meta name=\"twitter:label1\" content=\"Szacowany czas czytania\" \/>\n\t<meta name=\"twitter:data1\" content=\"2 minuty\" \/>\n<script type=\"application\/ld+json\" class=\"yoast-schema-graph\">{\"@context\":\"https:\/\/schema.org\",\"@graph\":[{\"@type\":\"WebPage\",\"@id\":\"https:\/\/notoszok.pl\/sklep\/index.php\/produkt\/jablko-w-pokrzywie-3l\/\",\"url\":\"https:\/\/notoszok.pl\/sklep\/index.php\/produkt\/jablko-w-pokrzywie-3l\/\",\"name\":\"Jab\u0142ko w POKRZYWIE 3L w kartonie - Edycja Limitowana BUKOWISKO 2024 - NoToSzOK! Sklep\",\"isPartOf\":{\"@id\":\"https:\/\/notoszok.pl\/sklep\/#website\"},\"primaryImageOfPage\":{\"@id\":\"https:\/\/notoszok.pl\/sklep\/index.php\/produkt\/jablko-w-pokrzywie-3l\/#primaryimage\"},\"image\":{\"@id\":\"https:\/\/notoszok.pl\/sklep\/index.php\/produkt\/jablko-w-pokrzywie-3l\/#primaryimage\"},\"thumbnailUrl\":\"https:\/\/notoszok.pl\/sklep\/wp-content\/uploads\/2024\/06\/IMG_9322-scaled-e1719391041603.jpeg\",\"datePublished\":\"2024-06-25T07:23:51+00:00\",\"dateModified\":\"2024-11-09T15:52:13+00:00\",\"breadcrumb\":{\"@id\":\"https:\/\/notoszok.pl\/sklep\/index.php\/produkt\/jablko-w-pokrzywie-3l\/#breadcrumb\"},\"inLanguage\":\"pl-PL\",\"potentialAction\":[{\"@type\":\"ReadAction\",\"target\":[\"https:\/\/notoszok.pl\/sklep\/index.php\/produkt\/jablko-w-pokrzywie-3l\/\"]}]},{\"@type\":\"ImageObject\",\"inLanguage\":\"pl-PL\",\"@id\":\"https:\/\/notoszok.pl\/sklep\/index.php\/produkt\/jablko-w-pokrzywie-3l\/#primaryimage\",\"url\":\"https:\/\/notoszok.pl\/sklep\/wp-content\/uploads\/2024\/06\/IMG_9322-scaled-e1719391041603.jpeg\",\"contentUrl\":\"https:\/\/notoszok.pl\/sklep\/wp-content\/uploads\/2024\/06\/IMG_9322-scaled-e1719391041603.jpeg\",\"width\":921,\"height\":1314},{\"@type\":\"BreadcrumbList\",\"@id\":\"https:\/\/notoszok.pl\/sklep\/index.php\/produkt\/jablko-w-pokrzywie-3l\/#breadcrumb\",\"itemListElement\":[{\"@type\":\"ListItem\",\"position\":1,\"name\":\"Strona g\u0142\u00f3wna\",\"item\":\"https:\/\/notoszok.pl\/sklep\/\"},{\"@type\":\"ListItem\",\"position\":2,\"name\":\"Sklep\",\"item\":\"https:\/\/notoszok.pl\/sklep\/\"},{\"@type\":\"ListItem\",\"position\":3,\"name\":\"Jab\u0142ko w POKRZYWIE 3L w kartonie &#8211; Edycja Limitowana BUKOWISKO 2024\"}]},{\"@type\":\"WebSite\",\"@id\":\"https:\/\/notoszok.pl\/sklep\/#website\",\"url\":\"https:\/\/notoszok.pl\/sklep\/\",\"name\":\"NoToSzOK! Sklep\",\"description\":\"Soki Naturalne\",\"publisher\":{\"@id\":\"https:\/\/notoszok.pl\/sklep\/#organization\"},\"potentialAction\":[{\"@type\":\"SearchAction\",\"target\":{\"@type\":\"EntryPoint\",\"urlTemplate\":\"https:\/\/notoszok.pl\/sklep\/?s={search_term_string}\"},\"query-input\":{\"@type\":\"PropertyValueSpecification\",\"valueRequired\":true,\"valueName\":\"search_term_string\"}}],\"inLanguage\":\"pl-PL\"},{\"@type\":\"Organization\",\"@id\":\"https:\/\/notoszok.pl\/sklep\/#organization\",\"name\":\"NoToSzOK! Sklep\",\"url\":\"https:\/\/notoszok.pl\/sklep\/\",\"logo\":{\"@type\":\"ImageObject\",\"inLanguage\":\"pl-PL\",\"@id\":\"https:\/\/notoszok.pl\/sklep\/#\/schema\/logo\/image\/\",\"url\":\"https:\/\/notoszok.pl\/sklep\/wp-content\/uploads\/2023\/05\/notoszok-kolorowe-logo.png\",\"contentUrl\":\"https:\/\/notoszok.pl\/sklep\/wp-content\/uploads\/2023\/05\/notoszok-kolorowe-logo.png\",\"width\":1920,\"height\":2136,\"caption\":\"NoToSzOK! Sklep\"},\"image\":{\"@id\":\"https:\/\/notoszok.pl\/sklep\/#\/schema\/logo\/image\/\"}}]}<\/script>\n<!-- \/ Yoast SEO plugin. -->","yoast_head_json":{"title":"Jab\u0142ko w POKRZYWIE 3L w kartonie - Edycja Limitowana BUKOWISKO 2024 - NoToSzOK! Sklep","robots":{"index":"index","follow":"follow","max-snippet":"max-snippet:-1","max-image-preview":"max-image-preview:large","max-video-preview":"max-video-preview:-1"},"canonical":"https:\/\/notoszok.pl\/sklep\/index.php\/produkt\/jablko-w-pokrzywie-3l\/","og_locale":"pl_PL","og_type":"article","og_title":"Jab\u0142ko w POKRZYWIE 3L w kartonie - Edycja Limitowana BUKOWISKO 2024 - NoToSzOK! Sklep","og_description":"Sok z jab\u0142ek 88%, Sok z pokrzywy 10%, sok z cytryny 2% \u2013 produkt pasteryzowany.","og_url":"https:\/\/notoszok.pl\/sklep\/index.php\/produkt\/jablko-w-pokrzywie-3l\/","og_site_name":"NoToSzOK! Sklep","article_modified_time":"2024-11-09T15:52:13+00:00","og_image":[{"width":921,"height":1314,"url":"https:\/\/notoszok.pl\/sklep\/wp-content\/uploads\/2024\/06\/IMG_9322-scaled-e1719391041603.jpeg","type":"image\/jpeg"}],"twitter_card":"summary_large_image","twitter_misc":{"Szacowany czas czytania":"2 minuty"},"schema":{"@context":"https:\/\/schema.org","@graph":[{"@type":"WebPage","@id":"https:\/\/notoszok.pl\/sklep\/index.php\/produkt\/jablko-w-pokrzywie-3l\/","url":"https:\/\/notoszok.pl\/sklep\/index.php\/produkt\/jablko-w-pokrzywie-3l\/","name":"Jab\u0142ko w POKRZYWIE 3L w kartonie - Edycja Limitowana BUKOWISKO 2024 - NoToSzOK! Sklep","isPartOf":{"@id":"https:\/\/notoszok.pl\/sklep\/#website"},"primaryImageOfPage":{"@id":"https:\/\/notoszok.pl\/sklep\/index.php\/produkt\/jablko-w-pokrzywie-3l\/#primaryimage"},"image":{"@id":"https:\/\/notoszok.pl\/sklep\/index.php\/produkt\/jablko-w-pokrzywie-3l\/#primaryimage"},"thumbnailUrl":"https:\/\/notoszok.pl\/sklep\/wp-content\/uploads\/2024\/06\/IMG_9322-scaled-e1719391041603.jpeg","datePublished":"2024-06-25T07:23:51+00:00","dateModified":"2024-11-09T15:52:13+00:00","breadcrumb":{"@id":"https:\/\/notoszok.pl\/sklep\/index.php\/produkt\/jablko-w-pokrzywie-3l\/#breadcrumb"},"inLanguage":"pl-PL","potentialAction":[{"@type":"ReadAction","target":["https:\/\/notoszok.pl\/sklep\/index.php\/produkt\/jablko-w-pokrzywie-3l\/"]}]},{"@type":"ImageObject","inLanguage":"pl-PL","@id":"https:\/\/notoszok.pl\/sklep\/index.php\/produkt\/jablko-w-pokrzywie-3l\/#primaryimage","url":"https:\/\/notoszok.pl\/sklep\/wp-content\/uploads\/2024\/06\/IMG_9322-scaled-e1719391041603.jpeg","contentUrl":"https:\/\/notoszok.pl\/sklep\/wp-content\/uploads\/2024\/06\/IMG_9322-scaled-e1719391041603.jpeg","width":921,"height":1314},{"@type":"BreadcrumbList","@id":"https:\/\/notoszok.pl\/sklep\/index.php\/produkt\/jablko-w-pokrzywie-3l\/#breadcrumb","itemListElement":[{"@type":"ListItem","position":1,"name":"Strona g\u0142\u00f3wna","item":"https:\/\/notoszok.pl\/sklep\/"},{"@type":"ListItem","position":2,"name":"Sklep","item":"https:\/\/notoszok.pl\/sklep\/"},{"@type":"ListItem","position":3,"name":"Jab\u0142ko w POKRZYWIE 3L w kartonie &#8211; Edycja Limitowana BUKOWISKO 2024"}]},{"@type":"WebSite","@id":"https:\/\/notoszok.pl\/sklep\/#website","url":"https:\/\/notoszok.pl\/sklep\/","name":"NoToSzOK! Sklep","description":"Soki Naturalne","publisher":{"@id":"https:\/\/notoszok.pl\/sklep\/#organization"},"potentialAction":[{"@type":"SearchAction","target":{"@type":"EntryPoint","urlTemplate":"https:\/\/notoszok.pl\/sklep\/?s={search_term_string}"},"query-input":{"@type":"PropertyValueSpecification","valueRequired":true,"valueName":"search_term_string"}}],"inLanguage":"pl-PL"},{"@type":"Organization","@id":"https:\/\/notoszok.pl\/sklep\/#organization","name":"NoToSzOK! Sklep","url":"https:\/\/notoszok.pl\/sklep\/","logo":{"@type":"ImageObject","inLanguage":"pl-PL","@id":"https:\/\/notoszok.pl\/sklep\/#\/schema\/logo\/image\/","url":"https:\/\/notoszok.pl\/sklep\/wp-content\/uploads\/2023\/05\/notoszok-kolorowe-logo.png","contentUrl":"https:\/\/notoszok.pl\/sklep\/wp-content\/uploads\/2023\/05\/notoszok-kolorowe-logo.png","width":1920,"height":2136,"caption":"NoToSzOK! Sklep"},"image":{"@id":"https:\/\/notoszok.pl\/sklep\/#\/schema\/logo\/image\/"}}]}},"jetpack_sharing_enabled":true,"_links":{"self":[{"href":"https:\/\/notoszok.pl\/sklep\/index.php\/wp-json\/wp\/v2\/product\/585","targetHints":{"allow":["GET"]}}],"collection":[{"href":"https:\/\/notoszok.pl\/sklep\/index.php\/wp-json\/wp\/v2\/product"}],"about":[{"href":"https:\/\/notoszok.pl\/sklep\/index.php\/wp-json\/wp\/v2\/types\/product"}],"replies":[{"embeddable":true,"href":"https:\/\/notoszok.pl\/sklep\/index.php\/wp-json\/wp\/v2\/comments?post=585"}],"wp:featuredmedia":[{"embeddable":true,"href":"https:\/\/notoszok.pl\/sklep\/index.php\/wp-json\/wp\/v2\/media\/586"}],"wp:attachment":[{"href":"https:\/\/notoszok.pl\/sklep\/index.php\/wp-json\/wp\/v2\/media?parent=585"}],"wp:term":[{"taxonomy":"product_brand","embeddable":true,"href":"https:\/\/notoszok.pl\/sklep\/index.php\/wp-json\/wp\/v2\/product_brand?post=585"},{"taxonomy":"product_cat","embeddable":true,"href":"https:\/\/notoszok.pl\/sklep\/index.php\/wp-json\/wp\/v2\/product_cat?post=585"},{"taxonomy":"product_tag","embeddable":true,"href":"https:\/\/notoszok.pl\/sklep\/index.php\/wp-json\/wp\/v2\/product_tag?post=585"}],"curies":[{"name":"wp","href":"https:\/\/api.w.org\/{rel}","templated":true}]}}