{"id":798,"date":"2025-12-17T21:04:41","date_gmt":"2025-12-17T21:04:41","guid":{"rendered":"https:\/\/notoszok.pl\/sklep\/?post_type=product&#038;p=798"},"modified":"2026-03-25T11:30:41","modified_gmt":"2026-03-25T11:30:41","slug":"sok-z-rokitnika-100-2l-wklad-1szt","status":"publish","type":"product","link":"https:\/\/notoszok.pl\/sklep\/index.php\/produkt\/sok-z-rokitnika-100-2l-wklad-1szt\/","title":{"rendered":"Sok z ROKITNIKA 100% 2L &#8211; wk\u0142ad 1szt."},"content":{"rendered":"<p><strong>Naturalny Sok T\u0142oczony z ROKITNIKA 100%<br \/>\n<\/strong><\/p>\n<p>Smak: charakterystyczny, lekko cierpki, intensywny kwa\u015bny<\/p>\n<p>Cena za litr &#8211; 27,5 z\u0142 za litr<\/p>\n<p>Sok bezpo\u015brednio t\u0142oczony. Pasteryzowany<br \/>\nSk\u0142adniki: <strong>Sok z rokitnika 100%<\/strong><\/p>\n<p>SUPERFOOD w\u015br\u00f3d sok\u00f3w<\/p>\n<div class=\"JlqpRe\"><span class=\"JCzEY tNxQIb\"><span class=\"CSkcDe\">Na co dobry jest sok z rokitnika?<\/span><\/span><\/div>\n<div class=\"p8Jhnd\">\n<div class=\"aj35ze\"><\/div>\n<\/div>\n<div>\n<div class=\"MBttkb\">\n<div>\n<div>\n<div>\n<div class=\"p2M1Qe YzCcne PZPZlf\" data-mg-cp=\"YzCcne\" data-mcp=\"18\" data-attrid=\"SrpGenSumSummary\">\n<div class=\"pOOWX f5cPye\" data-rl=\"pl\">\n<div class=\"WaaZC\">\n<div class=\"rPeykc\" data-hveid=\"CMQBEAE\" data-ved=\"2ahUKEwiT08vRw8WRAxX-PhAIHc0_E54Qo_EKegUIxAEQAQ\">\n<p><span data-huuid=\"4490937869085272813\">Sok z rokitnika jest doskona\u0142y na wzmocnienie odporno\u015bci, popraw\u0119 trawienia (wspiera \u017co\u0142\u0105dek, pomaga przy wrzodach i zgadze), ochron\u0119 uk\u0142adu sercowo-naczyniowego (obni\u017ca cholesterol, ci\u015bnienie) oraz zdrowie sk\u00f3ry i w\u0142os\u00f3w, dzi\u0119ki bogactwie witamin (C, E, A, z grupy B) i przeciwutleniaczy, kt\u00f3re dzia\u0142aj\u0105 przeciwzapalnie, regeneruj\u0105co i przeciwstarzeniowo, pomagaj\u0105c przy przezi\u0119bieniach, tr\u0105dziku czy chorobach cywilizacyjnych. <\/span><span data-huuid=\"4490937869085270075\"><span class=\"pjBG2e\" data-cid=\"501005e7-c3dc-447f-b360-a744e9a70249\"><span class=\"UV3uM\">\u00a0<\/span><\/span><\/span><\/p>\n<div class=\"NPrrbc\" data-cid=\"501005e7-c3dc-447f-b360-a744e9a70249\" data-uuids=\"4490937869085272813,4490937869085270075\">\n<div class=\"BMebGe btku5b LwdV0e FR7ZSc OJeuxf\" tabindex=\"0\" role=\"button\" aria-label=\"Wy\u015bwietl powi\u0105zane materia\u0142y\" data-hveid=\"CLMBEAE\" data-ved=\"2ahUKEwiT08vRw8WRAxX-PhAIHc0_E54Q3fYKegUIswEQAQ\">\n<div class=\"niO4u\"><\/div>\n<\/div>\n<\/div>\n<\/div>\n<\/div>\n<\/div>\n<\/div>\n<\/div>\n<\/div>\n<\/div>\n<\/div>\n<\/div>\n<div class=\"WaaZC\">\n<div class=\"rPeykc\" data-hveid=\"CMQBEAE\" data-ved=\"2ahUKEwiT08vRw8WRAxX-PhAIHc0_E54Qo_EKegUIxAEQAQ\"><\/div>\n<\/div>\n<div class=\"WaaZC\">\n<div class=\"rPeykc pyPiTc\" role=\"heading\" aria-level=\"3\" data-hveid=\"CJsBEAE\" data-ved=\"2ahUKEwiT08vRw8WRAxX-PhAIHc0_E54Qo_EKegUImwEQAQ\"><span data-huuid=\"4490937869085271433\">G\u0142\u00f3wne korzy\u015bci soku z rokitnika: <\/span><\/div>\n<\/div>\n<div class=\"WaaZC\">\n<ul data-hveid=\"CM4BEAE\" data-ved=\"2ahUKEwiT08vRw8WRAxX-PhAIHc0_E54Qm_YKegUIzgEQAQ\">\n<li>\n<div class=\"zMgcWd dSKvsb\" data-il=\"\">\n<div data-crb-p=\"\">\n<div class=\"xFTqob\">\n<div class=\"Gur8Ad\"><span data-huuid=\"4490937869085273470\"><strong>Wzmacnia odporno\u015b\u0107:<\/strong> <\/span><\/div>\n<div class=\"vM0jzc\">\n<p><span data-huuid=\"4490937869085270053\">Bogactwo witaminy C i antyoksydant\u00f3w pomaga w walce z infekcjami i przezi\u0119bieniami.<span class=\"pjBG2e\" data-cid=\"182c2416-fd95-4011-87ba-d9a415c37861\"><span class=\"UV3uM\">\u00a0<\/span><\/span><\/span><\/p>\n<div class=\"NPrrbc\" data-cid=\"182c2416-fd95-4011-87ba-d9a415c37861\" data-uuids=\"4490937869085273470,4490937869085270053\">\n<div class=\"BMebGe btku5b LwdV0e FR7ZSc OJeuxf\" tabindex=\"0\" role=\"button\" aria-label=\"Wy\u015bwietl powi\u0105zane materia\u0142y\" data-hveid=\"CLIBEAE\" data-ved=\"2ahUKEwiT08vRw8WRAxX-PhAIHc0_E54Q3fYKegUIsgEQAQ\">\n<div class=\"niO4u\"><\/div>\n<\/div>\n<\/div>\n<\/div>\n<\/div>\n<\/div>\n<div data-crb-p=\"\"><\/div>\n<\/div>\n<\/li>\n<\/ul>\n<\/div>\n<ul>\n<li>\n<div class=\"zMgcWd dSKvsb\" data-il=\"\">\n<div data-crb-p=\"\">\n<div class=\"xFTqob\">\n<div class=\"Gur8Ad\"><span data-huuid=\"4490937869085271411\"><strong>Wspiera uk\u0142ad pokarmowy:<\/strong> <\/span><\/div>\n<div class=\"vM0jzc\">\n<p><span data-huuid=\"4490937869085272090\">Dzia\u0142a os\u0142onowo na \u017co\u0142\u0105dek, pomaga przy wrzodach, zgadze, reguluje prac\u0119 jelit.<span class=\"pjBG2e\" data-cid=\"e807904d-f2bd-42f8-a09b-ee0e116fd6d2\"><span class=\"UV3uM\">\u00a0<\/span><\/span><\/span><\/p>\n<div class=\"NPrrbc\" data-cid=\"e807904d-f2bd-42f8-a09b-ee0e116fd6d2\" data-uuids=\"4490937869085271411,4490937869085272090\">\n<div class=\"BMebGe btku5b LwdV0e FR7ZSc OJeuxf\" tabindex=\"0\" role=\"button\" aria-label=\"Wy\u015bwietl powi\u0105zane materia\u0142y\" data-hveid=\"CMIBEAE\" data-ved=\"2ahUKEwiT08vRw8WRAxX-PhAIHc0_E54Q3fYKegUIwgEQAQ\">\n<div class=\"niO4u\"><\/div>\n<\/div>\n<\/div>\n<\/div>\n<\/div>\n<\/div>\n<div data-crb-p=\"\"><\/div>\n<\/div>\n<\/li>\n<li>\n<div class=\"zMgcWd dSKvsb\" data-il=\"\">\n<div data-crb-p=\"\">\n<div class=\"xFTqob\">\n<div class=\"Gur8Ad\"><span data-huuid=\"4490937869085273448\"><strong>Dba o serce i naczynia:<\/strong> <\/span><\/div>\n<div class=\"vM0jzc\">\n<p><span data-huuid=\"4490937869085270031\">Obni\u017ca cholesterol, tr\u00f3jglicerydy, reguluje ci\u015bnienie, uszczelnia naczynia krwiono\u015bne.<span class=\"pjBG2e\" data-cid=\"a059244d-a18b-4531-a9b2-fed49dfc63bb\"><span class=\"UV3uM\">\u00a0<\/span><\/span><\/span><\/p>\n<div class=\"NPrrbc\" data-cid=\"a059244d-a18b-4531-a9b2-fed49dfc63bb\" data-uuids=\"4490937869085273448,4490937869085270031\">\n<div class=\"BMebGe btku5b LwdV0e FR7ZSc OJeuxf\" tabindex=\"0\" role=\"button\" aria-label=\"Wy\u015bwietl powi\u0105zane materia\u0142y\" data-hveid=\"CMEBEAE\" data-ved=\"2ahUKEwiT08vRw8WRAxX-PhAIHc0_E54Q3fYKegUIwQEQAQ\">\n<div class=\"niO4u\"><\/div>\n<\/div>\n<\/div>\n<\/div>\n<\/div>\n<\/div>\n<div data-crb-p=\"\"><\/div>\n<\/div>\n<\/li>\n<li>\n<div class=\"zMgcWd dSKvsb\" data-il=\"\">\n<div data-crb-p=\"\">\n<div class=\"xFTqob\">\n<div class=\"Gur8Ad\"><span data-huuid=\"4490937869085271389\"><strong>Poprawia kondycj\u0119 sk\u00f3ry, w\u0142os\u00f3w i paznokci:<\/strong> <\/span><\/div>\n<div class=\"vM0jzc\">\n<p><span data-huuid=\"4490937869085272068\">Dzia\u0142a regeneruj\u0105co, nawil\u017caj\u0105co, \u0142agodzi tr\u0105dzik, spowalnia starzenie.<span class=\"pjBG2e\" data-cid=\"37c8abfb-df86-4bb4-b5d3-210bbb230a28\"><span class=\"UV3uM\">\u00a0<\/span><\/span><\/span><\/p>\n<div class=\"NPrrbc\" data-cid=\"37c8abfb-df86-4bb4-b5d3-210bbb230a28\" data-uuids=\"4490937869085271389,4490937869085272068\">\n<div class=\"BMebGe btku5b LwdV0e FR7ZSc OJeuxf\" tabindex=\"0\" role=\"button\" aria-label=\"Wy\u015bwietl powi\u0105zane materia\u0142y\" data-hveid=\"CMMBEAE\" data-ved=\"2ahUKEwiT08vRw8WRAxX-PhAIHc0_E54Q3fYKegUIwwEQAQ\">\n<div class=\"niO4u\"><\/div>\n<\/div>\n<\/div>\n<\/div>\n<\/div>\n<\/div>\n<div data-crb-p=\"\"><\/div>\n<\/div>\n<\/li>\n<li>\n<div class=\"zMgcWd dSKvsb\" data-il=\"\">\n<div data-crb-p=\"\">\n<div class=\"xFTqob\">\n<div class=\"Gur8Ad\"><span data-huuid=\"4490937869085273426\"><strong>Reguluje poziom cukru we krwi:<\/strong> <\/span><\/div>\n<div class=\"vM0jzc\">\n<p><span data-huuid=\"4490937869085274105\">Mo\u017ce wp\u0142ywa\u0107 na zwi\u0119kszenie wra\u017cliwo\u015bci kom\u00f3rek na insulin\u0119, pomagaj\u0105c obni\u017cy\u0107 poziom glukozy.<span class=\"pjBG2e\" data-cid=\"b48e5b27-8e61-4e09-ba54-54a3f9f3f6e8\"><span class=\"UV3uM\">\u00a0<\/span><\/span><\/span><\/p>\n<div class=\"NPrrbc\" data-cid=\"b48e5b27-8e61-4e09-ba54-54a3f9f3f6e8\" data-uuids=\"4490937869085273426,4490937869085274105\">\n<div class=\"BMebGe btku5b LwdV0e FR7ZSc OJeuxf\" tabindex=\"0\" role=\"button\" aria-label=\"Wy\u015bwietl powi\u0105zane materia\u0142y\" data-hveid=\"CMgBEAE\" data-ved=\"2ahUKEwiT08vRw8WRAxX-PhAIHc0_E54Q3fYKegUIyAEQAQ\">\n<div class=\"niO4u\"><\/div>\n<\/div>\n<\/div>\n<\/div>\n<\/div>\n<\/div>\n<div data-crb-p=\"\"><\/div>\n<\/div>\n<\/li>\n<li>\n<div class=\"zMgcWd dSKvsb\" data-il=\"\">\n<div data-crb-p=\"\">\n<div class=\"xFTqob\">\n<div class=\"Gur8Ad\"><span data-huuid=\"4490937869085271367\"><strong>Dzia\u0142a przeciwzapalnie:<\/strong> <\/span><\/div>\n<div class=\"vM0jzc\">\n<p><span data-huuid=\"4490937869085272046\">Pomaga przy stanach zapalnych w organizmie, w tym przy chorobach autoimmunologicznych.<span class=\"pjBG2e\" data-cid=\"2714c60f-ef37-4227-a693-d0009fc093e9\"><span class=\"UV3uM\">\u00a0<\/span><\/span><\/span><\/p>\n<div class=\"NPrrbc\" data-cid=\"2714c60f-ef37-4227-a693-d0009fc093e9\" data-uuids=\"4490937869085271367,4490937869085272046\">\n<div class=\"BMebGe btku5b LwdV0e FR7ZSc OJeuxf\" tabindex=\"0\" role=\"button\" aria-label=\"Wy\u015bwietl powi\u0105zane materia\u0142y\" data-hveid=\"CMoBEAE\" data-ved=\"2ahUKEwiT08vRw8WRAxX-PhAIHc0_E54Q3fYKegUIygEQAQ\">\n<div class=\"niO4u\"><\/div>\n<\/div>\n<\/div>\n<\/div>\n<\/div>\n<\/div>\n<div data-crb-p=\"\"><\/div>\n<\/div>\n<\/li>\n<\/ul>\n<div class=\"WaaZC\"><\/div>\n<div class=\"WaaZC\">\n<div class=\"rPeykc pyPiTc\" role=\"heading\" aria-level=\"3\" data-hveid=\"CJwBEAE\" data-ved=\"2ahUKEwiT08vRw8WRAxX-PhAIHc0_E54Qo_EKegUInAEQAQ\"><span data-huuid=\"4490937869085273404\">Bogactwo sk\u0142adnik\u00f3w od\u017cywczych: <\/span><\/div>\n<\/div>\n<div class=\"WaaZC\">\n<div class=\"rPeykc\" data-hveid=\"CLcBEAE\" data-ved=\"2ahUKEwiT08vRw8WRAxX-PhAIHc0_E54Qo_EKegUItwEQAQ\">\n<p><span data-huuid=\"4490937869085270666\">Sok z rokitnika to prawdziwa bomba witamin (C, E, A, z grupy B) i minera\u0142\u00f3w (potas, magnez), a tak\u017ce flawonoid\u00f3w, karotenoid\u00f3w i nienasyconych kwas\u00f3w t\u0142uszczowych, kt\u00f3re maj\u0105 wszechstronne dzia\u0142anie prozdrowotne.<span class=\"pjBG2e\" data-cid=\"dfc2ecc0-1cba-4c38-8ace-6cf8e3ee014b\"><span class=\"UV3uM\">\u00a0<\/span><\/span><\/span><\/p>\n<div class=\"NPrrbc\" data-cid=\"dfc2ecc0-1cba-4c38-8ace-6cf8e3ee014b\" data-uuids=\"4490937869085270666\">\n<div class=\"BMebGe btku5b LwdV0e FR7ZSc OJeuxf\" tabindex=\"0\" role=\"button\" aria-label=\"Wy\u015bwietl powi\u0105zane materia\u0142y\" data-hveid=\"CK8BEAE\" data-ved=\"2ahUKEwiT08vRw8WRAxX-PhAIHc0_E54Q3fYKegUIrwEQAQ\">\n<div class=\"niO4u\"><\/div>\n<\/div>\n<\/div>\n<\/div>\n<\/div>\n<div class=\"WaaZC\">\n<div class=\"rPeykc\" data-hveid=\"CLcBEAE\" data-ved=\"2ahUKEwiT08vRw8WRAxX-PhAIHc0_E54Qo_EKegUItwEQAQ\"><\/div>\n<\/div>\n<div class=\"WaaZC\">\n<div class=\"rPeykc pyPiTc\" role=\"heading\" aria-level=\"3\" data-hveid=\"CJ4BEAE\" data-ved=\"2ahUKEwiT08vRw8WRAxX-PhAIHc0_E54Qo_EKegUIngEQAQ\"><span data-huuid=\"4490937869085272024\">Kiedy go pi\u0107? <\/span><\/div>\n<\/div>\n<div class=\"WaaZC\">\n<div class=\"rPeykc\" data-hveid=\"CLgBEAE\" data-ved=\"2ahUKEwiT08vRw8WRAxX-PhAIHc0_E54Qo_EKegUIuAEQAQ\">\n<p><span data-huuid=\"4490937869085273382\">Warto w\u0142\u0105czy\u0107 go do diety wzmacniaj\u0105co, profilaktycznie, przy problemach z odporno\u015bci\u0105, trawieniem, sk\u00f3r\u0105, a tak\u017ce jako naturalne wsparcie przy chorobach cywilizacyjnych.<span class=\"pjBG2e\" data-cid=\"75819d98-3582-43ab-90cc-016c481ef3e7\"><span class=\"UV3uM\">\u00a0<\/span><\/span><\/span><\/p>\n<div class=\"NPrrbc\" data-cid=\"75819d98-3582-43ab-90cc-016c481ef3e7\" data-uuids=\"4490937869085273382\">\n<div class=\"BMebGe btku5b LwdV0e FR7ZSc OJeuxf\" tabindex=\"0\" role=\"button\" aria-label=\"Wy\u015bwietl powi\u0105zane materia\u0142y\" data-hveid=\"CLEBEAE\" data-ved=\"2ahUKEwiT08vRw8WRAxX-PhAIHc0_E54Q3fYKegUIsQEQAQ\">\n<div class=\"niO4u\"><\/div>\n<\/div>\n<\/div>\n<\/div>\n<\/div>\n<p>Sok t\u0142oczony na zimno ze \u015bwie\u017cych owoc\u00f3w, nast\u0119pnie poddany lekkiej pasteryzacji w temperaturze 78&#8217;C dzi\u0119ki czemu zatrzymuje cenne warto\u015bci od\u017cywcze.<\/p>\n<p>Sok jest poddawany procesowi najnowszej technologii, polegaj\u0105cej na usuni\u0119ciu z soku nadmiaru osadu (odwirowanie).<\/p>\n<p>M\u0119tno\u015b\u0107 i osad s\u0105 zjawiskiem naturalnym powsta\u0142ym w wyniku<br \/>\nt\u0142oczenia. Przed u\u017cyciem wstrz\u0105sn\u0105\u0107.<\/p>\n<p>Smak i kolor soku mog\u0105 si\u0119 nieznacznie r\u00f3\u017cni\u0107 w zale\u017cno\u015bci od pory roku i u\u017cytych odmian surowca.<\/p>\n<p>Warunki przechowywania: Przechowywa\u0107 w ch\u0142odnym i zacienionym miejscu. Po otwarciu sok<br \/>\nzachowuje \u015bwie\u017co\u015b\u0107 do 14 dni pod warunkiem, \u017ce zaw\u00f3r zawsze jest zalany sokiem.<\/p>\n<p>&nbsp;<\/p>\n<p><strong>NOWA MARKA SOK\u00d3W T\u0141OCZONYCH.<\/strong><\/p>\n<p>\u201eNo to SzOK\u201d \u2013 owocowy SzOK, dla organizmu rzecz jasna Nasze soki stworzone s\u0105 z my\u015bl\u0105 o osobach, kt\u00f3re prowadz\u0105 aktywny tryb \u017cycia. Poniewa\u017c dla utrzymania dobrej kondycji i zapobiegania wielu chorobom, nale\u017cy codziennie spo\u017cywa\u0107 ok. 400 g owoc\u00f3w i warzyw. Najlepszym i jednocze\u015bnie najta\u0144szym rozwi\u0105zaniem jest szklanka soku!<br \/>\nNajlepiej nie jedna. Wa\u017cne, aby w niej by\u0142 produkt pe\u0142nowarto\u015bciowy, a do takich nale\u017cy zaliczy\u0107 soki NFC. Co to znaczy? \u201eNot from concentrate\u201d \u2013 bez koncentratu, polepszaczy smaku i cukru Nasze produkty s\u0105 wytwarzane z wysegregowanych owoc\u00f3w i warzyw spe\u0142niaj\u0105cych najwy\u017csze normy jako\u015bci. No to co? Do dna!!!<\/p>\n","protected":false},"excerpt":{"rendered":"<p>Sok z rokitnika 100% \u2013 produkt pasteryzowany. NFC 100% Naturalny<\/p>\n","protected":false},"featured_media":864,"comment_status":"closed","ping_status":"closed","template":"","meta":[],"product_brand":[],"product_cat":[24],"product_tag":[42,21,33,20,17,22],"class_list":{"0":"post-798","1":"product","2":"type-product","3":"status-publish","4":"has-post-thumbnail","6":"product_cat-soki-owocowe","7":"product_tag-100-naturalny","8":"product_tag-naturalny","9":"product_tag-nfc","10":"product_tag-rokitnik","11":"product_tag-sok","12":"product_tag-sok-tloczony","14":"first","15":"instock","16":"shipping-taxable","17":"purchasable","18":"product-type-simple"},"yoast_head":"<!-- This site is optimized with the Yoast SEO plugin v27.1.1 - https:\/\/yoast.com\/product\/yoast-seo-wordpress\/ -->\n<title>Sok z ROKITNIKA 100% 2L - wk\u0142ad 1szt. - NoToSzOK! Sklep<\/title>\n<meta name=\"robots\" content=\"index, follow, max-snippet:-1, max-image-preview:large, max-video-preview:-1\" \/>\n<link rel=\"canonical\" href=\"https:\/\/notoszok.pl\/sklep\/index.php\/produkt\/sok-z-rokitnika-100-2l-wklad-1szt\/\" \/>\n<meta property=\"og:locale\" content=\"pl_PL\" \/>\n<meta property=\"og:type\" content=\"article\" \/>\n<meta property=\"og:title\" content=\"Sok z ROKITNIKA 100% 2L - wk\u0142ad 1szt. - NoToSzOK! Sklep\" \/>\n<meta property=\"og:description\" content=\"Sok z rokitnika 100% \u2013 produkt pasteryzowany. NFC 100% Naturalny\" \/>\n<meta property=\"og:url\" content=\"https:\/\/notoszok.pl\/sklep\/index.php\/produkt\/sok-z-rokitnika-100-2l-wklad-1szt\/\" \/>\n<meta property=\"og:site_name\" content=\"NoToSzOK! Sklep\" \/>\n<meta property=\"article:modified_time\" content=\"2026-03-25T11:30:41+00:00\" \/>\n<meta property=\"og:image\" content=\"https:\/\/notoszok.pl\/sklep\/wp-content\/uploads\/2025\/12\/sok-z-rokietnika-100.png\" \/>\n\t<meta property=\"og:image:width\" content=\"1024\" \/>\n\t<meta property=\"og:image:height\" content=\"1024\" \/>\n\t<meta property=\"og:image:type\" content=\"image\/png\" \/>\n<meta name=\"twitter:card\" content=\"summary_large_image\" \/>\n<meta name=\"twitter:label1\" content=\"Szacowany czas czytania\" \/>\n\t<meta name=\"twitter:data1\" content=\"3 minuty\" \/>\n<script type=\"application\/ld+json\" class=\"yoast-schema-graph\">{\"@context\":\"https:\/\/schema.org\",\"@graph\":[{\"@type\":\"WebPage\",\"@id\":\"https:\/\/notoszok.pl\/sklep\/index.php\/produkt\/sok-z-rokitnika-100-2l-wklad-1szt\/\",\"url\":\"https:\/\/notoszok.pl\/sklep\/index.php\/produkt\/sok-z-rokitnika-100-2l-wklad-1szt\/\",\"name\":\"Sok z ROKITNIKA 100% 2L - wk\u0142ad 1szt. - NoToSzOK! Sklep\",\"isPartOf\":{\"@id\":\"https:\/\/notoszok.pl\/sklep\/#website\"},\"primaryImageOfPage\":{\"@id\":\"https:\/\/notoszok.pl\/sklep\/index.php\/produkt\/sok-z-rokitnika-100-2l-wklad-1szt\/#primaryimage\"},\"image\":{\"@id\":\"https:\/\/notoszok.pl\/sklep\/index.php\/produkt\/sok-z-rokitnika-100-2l-wklad-1szt\/#primaryimage\"},\"thumbnailUrl\":\"https:\/\/notoszok.pl\/sklep\/wp-content\/uploads\/2025\/12\/sok-z-rokietnika-100.png\",\"datePublished\":\"2025-12-17T21:04:41+00:00\",\"dateModified\":\"2026-03-25T11:30:41+00:00\",\"breadcrumb\":{\"@id\":\"https:\/\/notoszok.pl\/sklep\/index.php\/produkt\/sok-z-rokitnika-100-2l-wklad-1szt\/#breadcrumb\"},\"inLanguage\":\"pl-PL\",\"potentialAction\":[{\"@type\":\"ReadAction\",\"target\":[\"https:\/\/notoszok.pl\/sklep\/index.php\/produkt\/sok-z-rokitnika-100-2l-wklad-1szt\/\"]}]},{\"@type\":\"ImageObject\",\"inLanguage\":\"pl-PL\",\"@id\":\"https:\/\/notoszok.pl\/sklep\/index.php\/produkt\/sok-z-rokitnika-100-2l-wklad-1szt\/#primaryimage\",\"url\":\"https:\/\/notoszok.pl\/sklep\/wp-content\/uploads\/2025\/12\/sok-z-rokietnika-100.png\",\"contentUrl\":\"https:\/\/notoszok.pl\/sklep\/wp-content\/uploads\/2025\/12\/sok-z-rokietnika-100.png\",\"width\":1024,\"height\":1024},{\"@type\":\"BreadcrumbList\",\"@id\":\"https:\/\/notoszok.pl\/sklep\/index.php\/produkt\/sok-z-rokitnika-100-2l-wklad-1szt\/#breadcrumb\",\"itemListElement\":[{\"@type\":\"ListItem\",\"position\":1,\"name\":\"Strona g\u0142\u00f3wna\",\"item\":\"https:\/\/notoszok.pl\/sklep\/\"},{\"@type\":\"ListItem\",\"position\":2,\"name\":\"Sklep\",\"item\":\"https:\/\/notoszok.pl\/sklep\/\"},{\"@type\":\"ListItem\",\"position\":3,\"name\":\"Sok z ROKITNIKA 100% 2L &#8211; wk\u0142ad 1szt.\"}]},{\"@type\":\"WebSite\",\"@id\":\"https:\/\/notoszok.pl\/sklep\/#website\",\"url\":\"https:\/\/notoszok.pl\/sklep\/\",\"name\":\"NoToSzOK! Sklep\",\"description\":\"Soki Naturalne\",\"publisher\":{\"@id\":\"https:\/\/notoszok.pl\/sklep\/#organization\"},\"potentialAction\":[{\"@type\":\"SearchAction\",\"target\":{\"@type\":\"EntryPoint\",\"urlTemplate\":\"https:\/\/notoszok.pl\/sklep\/?s={search_term_string}\"},\"query-input\":{\"@type\":\"PropertyValueSpecification\",\"valueRequired\":true,\"valueName\":\"search_term_string\"}}],\"inLanguage\":\"pl-PL\"},{\"@type\":\"Organization\",\"@id\":\"https:\/\/notoszok.pl\/sklep\/#organization\",\"name\":\"NoToSzOK! Sklep\",\"url\":\"https:\/\/notoszok.pl\/sklep\/\",\"logo\":{\"@type\":\"ImageObject\",\"inLanguage\":\"pl-PL\",\"@id\":\"https:\/\/notoszok.pl\/sklep\/#\/schema\/logo\/image\/\",\"url\":\"https:\/\/notoszok.pl\/sklep\/wp-content\/uploads\/2023\/05\/notoszok-kolorowe-logo.png\",\"contentUrl\":\"https:\/\/notoszok.pl\/sklep\/wp-content\/uploads\/2023\/05\/notoszok-kolorowe-logo.png\",\"width\":1920,\"height\":2136,\"caption\":\"NoToSzOK! Sklep\"},\"image\":{\"@id\":\"https:\/\/notoszok.pl\/sklep\/#\/schema\/logo\/image\/\"}}]}<\/script>\n<!-- \/ Yoast SEO plugin. -->","yoast_head_json":{"title":"Sok z ROKITNIKA 100% 2L - wk\u0142ad 1szt. - NoToSzOK! Sklep","robots":{"index":"index","follow":"follow","max-snippet":"max-snippet:-1","max-image-preview":"max-image-preview:large","max-video-preview":"max-video-preview:-1"},"canonical":"https:\/\/notoszok.pl\/sklep\/index.php\/produkt\/sok-z-rokitnika-100-2l-wklad-1szt\/","og_locale":"pl_PL","og_type":"article","og_title":"Sok z ROKITNIKA 100% 2L - wk\u0142ad 1szt. - NoToSzOK! Sklep","og_description":"Sok z rokitnika 100% \u2013 produkt pasteryzowany. NFC 100% Naturalny","og_url":"https:\/\/notoszok.pl\/sklep\/index.php\/produkt\/sok-z-rokitnika-100-2l-wklad-1szt\/","og_site_name":"NoToSzOK! Sklep","article_modified_time":"2026-03-25T11:30:41+00:00","og_image":[{"width":1024,"height":1024,"url":"https:\/\/notoszok.pl\/sklep\/wp-content\/uploads\/2025\/12\/sok-z-rokietnika-100.png","type":"image\/png"}],"twitter_card":"summary_large_image","twitter_misc":{"Szacowany czas czytania":"3 minuty"},"schema":{"@context":"https:\/\/schema.org","@graph":[{"@type":"WebPage","@id":"https:\/\/notoszok.pl\/sklep\/index.php\/produkt\/sok-z-rokitnika-100-2l-wklad-1szt\/","url":"https:\/\/notoszok.pl\/sklep\/index.php\/produkt\/sok-z-rokitnika-100-2l-wklad-1szt\/","name":"Sok z ROKITNIKA 100% 2L - wk\u0142ad 1szt. - NoToSzOK! Sklep","isPartOf":{"@id":"https:\/\/notoszok.pl\/sklep\/#website"},"primaryImageOfPage":{"@id":"https:\/\/notoszok.pl\/sklep\/index.php\/produkt\/sok-z-rokitnika-100-2l-wklad-1szt\/#primaryimage"},"image":{"@id":"https:\/\/notoszok.pl\/sklep\/index.php\/produkt\/sok-z-rokitnika-100-2l-wklad-1szt\/#primaryimage"},"thumbnailUrl":"https:\/\/notoszok.pl\/sklep\/wp-content\/uploads\/2025\/12\/sok-z-rokietnika-100.png","datePublished":"2025-12-17T21:04:41+00:00","dateModified":"2026-03-25T11:30:41+00:00","breadcrumb":{"@id":"https:\/\/notoszok.pl\/sklep\/index.php\/produkt\/sok-z-rokitnika-100-2l-wklad-1szt\/#breadcrumb"},"inLanguage":"pl-PL","potentialAction":[{"@type":"ReadAction","target":["https:\/\/notoszok.pl\/sklep\/index.php\/produkt\/sok-z-rokitnika-100-2l-wklad-1szt\/"]}]},{"@type":"ImageObject","inLanguage":"pl-PL","@id":"https:\/\/notoszok.pl\/sklep\/index.php\/produkt\/sok-z-rokitnika-100-2l-wklad-1szt\/#primaryimage","url":"https:\/\/notoszok.pl\/sklep\/wp-content\/uploads\/2025\/12\/sok-z-rokietnika-100.png","contentUrl":"https:\/\/notoszok.pl\/sklep\/wp-content\/uploads\/2025\/12\/sok-z-rokietnika-100.png","width":1024,"height":1024},{"@type":"BreadcrumbList","@id":"https:\/\/notoszok.pl\/sklep\/index.php\/produkt\/sok-z-rokitnika-100-2l-wklad-1szt\/#breadcrumb","itemListElement":[{"@type":"ListItem","position":1,"name":"Strona g\u0142\u00f3wna","item":"https:\/\/notoszok.pl\/sklep\/"},{"@type":"ListItem","position":2,"name":"Sklep","item":"https:\/\/notoszok.pl\/sklep\/"},{"@type":"ListItem","position":3,"name":"Sok z ROKITNIKA 100% 2L &#8211; wk\u0142ad 1szt."}]},{"@type":"WebSite","@id":"https:\/\/notoszok.pl\/sklep\/#website","url":"https:\/\/notoszok.pl\/sklep\/","name":"NoToSzOK! Sklep","description":"Soki Naturalne","publisher":{"@id":"https:\/\/notoszok.pl\/sklep\/#organization"},"potentialAction":[{"@type":"SearchAction","target":{"@type":"EntryPoint","urlTemplate":"https:\/\/notoszok.pl\/sklep\/?s={search_term_string}"},"query-input":{"@type":"PropertyValueSpecification","valueRequired":true,"valueName":"search_term_string"}}],"inLanguage":"pl-PL"},{"@type":"Organization","@id":"https:\/\/notoszok.pl\/sklep\/#organization","name":"NoToSzOK! Sklep","url":"https:\/\/notoszok.pl\/sklep\/","logo":{"@type":"ImageObject","inLanguage":"pl-PL","@id":"https:\/\/notoszok.pl\/sklep\/#\/schema\/logo\/image\/","url":"https:\/\/notoszok.pl\/sklep\/wp-content\/uploads\/2023\/05\/notoszok-kolorowe-logo.png","contentUrl":"https:\/\/notoszok.pl\/sklep\/wp-content\/uploads\/2023\/05\/notoszok-kolorowe-logo.png","width":1920,"height":2136,"caption":"NoToSzOK! Sklep"},"image":{"@id":"https:\/\/notoszok.pl\/sklep\/#\/schema\/logo\/image\/"}}]}},"jetpack_sharing_enabled":true,"_links":{"self":[{"href":"https:\/\/notoszok.pl\/sklep\/index.php\/wp-json\/wp\/v2\/product\/798","targetHints":{"allow":["GET"]}}],"collection":[{"href":"https:\/\/notoszok.pl\/sklep\/index.php\/wp-json\/wp\/v2\/product"}],"about":[{"href":"https:\/\/notoszok.pl\/sklep\/index.php\/wp-json\/wp\/v2\/types\/product"}],"replies":[{"embeddable":true,"href":"https:\/\/notoszok.pl\/sklep\/index.php\/wp-json\/wp\/v2\/comments?post=798"}],"wp:featuredmedia":[{"embeddable":true,"href":"https:\/\/notoszok.pl\/sklep\/index.php\/wp-json\/wp\/v2\/media\/864"}],"wp:attachment":[{"href":"https:\/\/notoszok.pl\/sklep\/index.php\/wp-json\/wp\/v2\/media?parent=798"}],"wp:term":[{"taxonomy":"product_brand","embeddable":true,"href":"https:\/\/notoszok.pl\/sklep\/index.php\/wp-json\/wp\/v2\/product_brand?post=798"},{"taxonomy":"product_cat","embeddable":true,"href":"https:\/\/notoszok.pl\/sklep\/index.php\/wp-json\/wp\/v2\/product_cat?post=798"},{"taxonomy":"product_tag","embeddable":true,"href":"https:\/\/notoszok.pl\/sklep\/index.php\/wp-json\/wp\/v2\/product_tag?post=798"}],"curies":[{"name":"wp","href":"https:\/\/api.w.org\/{rel}","templated":true}]}}