{"id":91,"date":"2023-06-01T20:53:44","date_gmt":"2023-06-01T20:53:44","guid":{"rendered":"https:\/\/notoszok.pl\/sklep\/?post_type=product&#038;p=91"},"modified":"2026-03-08T17:24:26","modified_gmt":"2026-03-08T17:24:26","slug":"wylajtowany-burak-sok-owocowo-warzywny-wklad","status":"publish","type":"product","link":"https:\/\/notoszok.pl\/sklep\/index.php\/produkt\/wylajtowany-burak-sok-owocowo-warzywny-wklad\/","title":{"rendered":"wyLAJTOWANY Burak 3L &#8211; Wk\u0142ad 1szt."},"content":{"rendered":"<h1 style=\"text-align: center;\"><strong>wyLAJTOWANY BURAK sok owocowo-warzywny<\/strong><\/h1>\n<p>SMAK:<strong> delikatny, aromatyczny, s\u0142odko \u2013 kwa\u015bna nuta<\/strong><\/p>\n<p>SK\u0141AD:<br \/>\n<strong>T\u0142oczony sok jab\u0142kowy 55%, burak czerwony 40%, pietruszka 4,5%, Chilli Light 0,5%. <\/strong><br \/>\n<strong><br \/>\nProdukt pasteryzowany.<\/strong><\/p>\n<p>Cena za litr &#8211; 10,33z\u0142 za litr<\/p>\n<p>Co daje nam spo\u017cywanie buraczka i chili:<br \/>\n&#8211; obni\u017ca poziom cholesterolu we krwi,<br \/>\n&#8211; chroni w\u0105trob\u0119 przed toksynami,<br \/>\n&#8211; zapobiega udarom m\u00f3zgu i zawa\u0142om mi\u0119\u015bnia sercowego,<br \/>\n&#8211; \u0142agodzi napi\u0119cie emocjonalne, objawy nerwic i depresji,<br \/>\n&#8211; reguluje cykl snu,<br \/>\n&#8211; wspomaga koncentracj\u0119,<br \/>\n&#8211; poprawia wytrzyma\u0142o\u015b\u0107 organizmu,<\/p>\n<p>Sok z buraka to sprawdzony spos\u00f3b na kaszel i odchudzanie. Pomo\u017ce tak\u017ce przy anemii oraz z\u0142agodzi objawy kaca. Dzi\u0119ki obecno\u015bci azotan\u00f3w mo\u017ce mie\u0107 tak\u017ce korzystny wp\u0142yw na op\u00f3\u017anienie lub<br \/>\nzapobieganie\u00a0demencji gdy\u017c przypuszcza si\u0119, \u017ce azotany zwi\u0119kszaj\u0105 przep\u0142yw krwi w p\u0142atach czo\u0142owych m\u00f3zgu.<\/p>\n<p>Warto\u015b\u0107 od\u017cywcza 100ml: Warto\u015b\u0107 energetyczna \u2013 175 kJ\/41 kcal,<\/p>\n<p>t\u0142uszcz \u2013 0,00 g,<\/p>\n<p>w tym kwasy t\u0142uszczowe nasycone \u2013 0,0 g,<\/p>\n<p>w\u0119glowodany \u2013 9,9 g,<\/p>\n<p>w tym cukry \u2013 9,9 g,<\/p>\n<p>b\u0142onnik \u20130,1 g,<\/p>\n<p>bia\u0142ko \u2013 0,4 g,<\/p>\n<p>s\u00f3l \u2013 0,00 g.<\/p>\n<p>Zawiera naturalnie wyst\u0119puj\u0105ce cukry. Ze wzgl\u0119du na zawarto\u015b\u0107 naturalnych sk\u0142adnik\u00f3w \u2013 kolor, zapach i smak poszczeg\u00f3lnych partii mo\u017ce si\u0119 r\u00f3\u017cni\u0107. Przechowywa\u0107<br \/>\nw temp. od 2\u00b0 do 20\u00b0C. Najlepiej smakuje sch\u0142odzony. Po otwarciu przechowywa\u0107 w lod\u00f3wce i spo\u017cy\u0107 w ci\u0105gu 14 dni.<\/p>\n<p><strong>NOWA MARKA SOK\u00d3W T\u0141OCZONYCH.<\/strong><\/p>\n<p>\u201eNo to SzOK\u201d \u2013 owocowy SzOK, dla organizmu rzecz jasna Nasze soki stworzone s\u0105 z my\u015bl\u0105 o osobach, kt\u00f3re prowadz\u0105 aktywny tryb \u017cycia. Poniewa\u017c dla utrzymania dobrej kondycji i zapobiegania wielu chorobom, nale\u017cy codziennie spo\u017cywa\u0107 ok. 400 g owoc\u00f3w i warzyw. Najlepszym i jednocze\u015bnie najta\u0144szym rozwi\u0105zaniem jest szklanka soku!<br \/>\nNajlepiej nie jedna. Wa\u017cne, aby w niej by\u0142 produkt pe\u0142nowarto\u015bciowy, a do takich nale\u017cy zaliczy\u0107 soki NFC. Co to znaczy? \u201eNot from concentrate\u201d \u2013 bez koncentratu, polepszaczy smaku i cukru Nasze produkty s\u0105 wytwarzane z wysegregowanych owoc\u00f3w i warzyw spe\u0142niaj\u0105cych najwy\u017csze normy jako\u015bci. No to co? Do dna!!!<\/p>\n","protected":false},"excerpt":{"rendered":"<p>Wk\u0142ad 3L<\/p>\n<p><strong>T\u0142oczony sok jab\u0142kowy 55%, burak czerwony 40%, pietruszka 4,5%, Chilli Light 0,5%.<\/strong><br \/>\nSMAK:\u00a0 aromatyczny, s\u0142odko \u2013 kwa\u015bna nuta<\/p>\n","protected":false},"featured_media":365,"comment_status":"open","ping_status":"closed","template":"","meta":[],"product_brand":[],"product_cat":[23],"product_tag":[25,18,17,27,26],"class_list":{"0":"post-91","1":"product","2":"type-product","3":"status-publish","4":"has-post-thumbnail","6":"product_cat-soki-owocowo-warzywne","7":"product_tag-burak","8":"product_tag-jablko","9":"product_tag-sok","10":"product_tag-sok-warzywno-owocowy","11":"product_tag-warzywa","13":"first","14":"instock","15":"shipping-taxable","16":"purchasable","17":"product-type-simple"},"yoast_head":"<!-- This site is optimized with the Yoast SEO plugin v27.1.1 - https:\/\/yoast.com\/product\/yoast-seo-wordpress\/ -->\n<title>wyLAJTOWANY Burak 3L - Wk\u0142ad 1szt. - NoToSzOK! Sklep<\/title>\n<meta name=\"description\" content=\"Bomba witaminowa!! SK\u0141AD: T\u0142oczony sok jab\u0142kowy 55%, burak czerwony 40%, pietruszka 4,5%, Chilli Light 0,5%.\" \/>\n<meta name=\"robots\" content=\"index, follow, max-snippet:-1, max-image-preview:large, max-video-preview:-1\" \/>\n<link rel=\"canonical\" href=\"https:\/\/notoszok.pl\/sklep\/index.php\/produkt\/wylajtowany-burak-sok-owocowo-warzywny-wklad\/\" \/>\n<meta property=\"og:locale\" content=\"pl_PL\" \/>\n<meta property=\"og:type\" content=\"article\" \/>\n<meta property=\"og:title\" content=\"wyLAJTOWANY Burak 3L - Wk\u0142ad 1szt. - NoToSzOK! Sklep\" \/>\n<meta property=\"og:description\" content=\"Bomba witaminowa!! SK\u0141AD: T\u0142oczony sok jab\u0142kowy 55%, burak czerwony 40%, pietruszka 4,5%, Chilli Light 0,5%.\" \/>\n<meta property=\"og:url\" content=\"https:\/\/notoszok.pl\/sklep\/index.php\/produkt\/wylajtowany-burak-sok-owocowo-warzywny-wklad\/\" \/>\n<meta property=\"og:site_name\" content=\"NoToSzOK! Sklep\" \/>\n<meta property=\"article:modified_time\" content=\"2026-03-08T17:24:26+00:00\" \/>\n<meta property=\"og:image\" content=\"https:\/\/notoszok.pl\/sklep\/wp-content\/uploads\/2023\/05\/sok-burak-wylajtowany.png\" \/>\n\t<meta property=\"og:image:width\" content=\"1170\" \/>\n\t<meta property=\"og:image:height\" content=\"1170\" \/>\n\t<meta property=\"og:image:type\" content=\"image\/png\" \/>\n<meta name=\"twitter:card\" content=\"summary_large_image\" \/>\n<meta name=\"twitter:label1\" content=\"Szacowany czas czytania\" \/>\n\t<meta name=\"twitter:data1\" content=\"2 minuty\" \/>\n<script type=\"application\/ld+json\" class=\"yoast-schema-graph\">{\"@context\":\"https:\/\/schema.org\",\"@graph\":[{\"@type\":\"WebPage\",\"@id\":\"https:\/\/notoszok.pl\/sklep\/index.php\/produkt\/wylajtowany-burak-sok-owocowo-warzywny-wklad\/\",\"url\":\"https:\/\/notoszok.pl\/sklep\/index.php\/produkt\/wylajtowany-burak-sok-owocowo-warzywny-wklad\/\",\"name\":\"wyLAJTOWANY Burak 3L - Wk\u0142ad 1szt. - NoToSzOK! Sklep\",\"isPartOf\":{\"@id\":\"https:\/\/notoszok.pl\/sklep\/#website\"},\"primaryImageOfPage\":{\"@id\":\"https:\/\/notoszok.pl\/sklep\/index.php\/produkt\/wylajtowany-burak-sok-owocowo-warzywny-wklad\/#primaryimage\"},\"image\":{\"@id\":\"https:\/\/notoszok.pl\/sklep\/index.php\/produkt\/wylajtowany-burak-sok-owocowo-warzywny-wklad\/#primaryimage\"},\"thumbnailUrl\":\"https:\/\/notoszok.pl\/sklep\/wp-content\/uploads\/2023\/05\/sok-burak-wylajtowany.png\",\"datePublished\":\"2023-06-01T20:53:44+00:00\",\"dateModified\":\"2026-03-08T17:24:26+00:00\",\"description\":\"Bomba witaminowa!! SK\u0141AD: T\u0142oczony sok jab\u0142kowy 55%, burak czerwony 40%, pietruszka 4,5%, Chilli Light 0,5%.\",\"breadcrumb\":{\"@id\":\"https:\/\/notoszok.pl\/sklep\/index.php\/produkt\/wylajtowany-burak-sok-owocowo-warzywny-wklad\/#breadcrumb\"},\"inLanguage\":\"pl-PL\",\"potentialAction\":[{\"@type\":\"ReadAction\",\"target\":[\"https:\/\/notoszok.pl\/sklep\/index.php\/produkt\/wylajtowany-burak-sok-owocowo-warzywny-wklad\/\"]}]},{\"@type\":\"ImageObject\",\"inLanguage\":\"pl-PL\",\"@id\":\"https:\/\/notoszok.pl\/sklep\/index.php\/produkt\/wylajtowany-burak-sok-owocowo-warzywny-wklad\/#primaryimage\",\"url\":\"https:\/\/notoszok.pl\/sklep\/wp-content\/uploads\/2023\/05\/sok-burak-wylajtowany.png\",\"contentUrl\":\"https:\/\/notoszok.pl\/sklep\/wp-content\/uploads\/2023\/05\/sok-burak-wylajtowany.png\",\"width\":1170,\"height\":1170},{\"@type\":\"BreadcrumbList\",\"@id\":\"https:\/\/notoszok.pl\/sklep\/index.php\/produkt\/wylajtowany-burak-sok-owocowo-warzywny-wklad\/#breadcrumb\",\"itemListElement\":[{\"@type\":\"ListItem\",\"position\":1,\"name\":\"Strona g\u0142\u00f3wna\",\"item\":\"https:\/\/notoszok.pl\/sklep\/\"},{\"@type\":\"ListItem\",\"position\":2,\"name\":\"Sklep\",\"item\":\"https:\/\/notoszok.pl\/sklep\/\"},{\"@type\":\"ListItem\",\"position\":3,\"name\":\"wyLAJTOWANY Burak 3L &#8211; Wk\u0142ad 1szt.\"}]},{\"@type\":\"WebSite\",\"@id\":\"https:\/\/notoszok.pl\/sklep\/#website\",\"url\":\"https:\/\/notoszok.pl\/sklep\/\",\"name\":\"NoToSzOK! Sklep\",\"description\":\"Soki Naturalne\",\"publisher\":{\"@id\":\"https:\/\/notoszok.pl\/sklep\/#organization\"},\"potentialAction\":[{\"@type\":\"SearchAction\",\"target\":{\"@type\":\"EntryPoint\",\"urlTemplate\":\"https:\/\/notoszok.pl\/sklep\/?s={search_term_string}\"},\"query-input\":{\"@type\":\"PropertyValueSpecification\",\"valueRequired\":true,\"valueName\":\"search_term_string\"}}],\"inLanguage\":\"pl-PL\"},{\"@type\":\"Organization\",\"@id\":\"https:\/\/notoszok.pl\/sklep\/#organization\",\"name\":\"NoToSzOK! Sklep\",\"url\":\"https:\/\/notoszok.pl\/sklep\/\",\"logo\":{\"@type\":\"ImageObject\",\"inLanguage\":\"pl-PL\",\"@id\":\"https:\/\/notoszok.pl\/sklep\/#\/schema\/logo\/image\/\",\"url\":\"https:\/\/notoszok.pl\/sklep\/wp-content\/uploads\/2023\/05\/notoszok-kolorowe-logo.png\",\"contentUrl\":\"https:\/\/notoszok.pl\/sklep\/wp-content\/uploads\/2023\/05\/notoszok-kolorowe-logo.png\",\"width\":1920,\"height\":2136,\"caption\":\"NoToSzOK! Sklep\"},\"image\":{\"@id\":\"https:\/\/notoszok.pl\/sklep\/#\/schema\/logo\/image\/\"}}]}<\/script>\n<!-- \/ Yoast SEO plugin. -->","yoast_head_json":{"title":"wyLAJTOWANY Burak 3L - Wk\u0142ad 1szt. - NoToSzOK! Sklep","description":"Bomba witaminowa!! SK\u0141AD: T\u0142oczony sok jab\u0142kowy 55%, burak czerwony 40%, pietruszka 4,5%, Chilli Light 0,5%.","robots":{"index":"index","follow":"follow","max-snippet":"max-snippet:-1","max-image-preview":"max-image-preview:large","max-video-preview":"max-video-preview:-1"},"canonical":"https:\/\/notoszok.pl\/sklep\/index.php\/produkt\/wylajtowany-burak-sok-owocowo-warzywny-wklad\/","og_locale":"pl_PL","og_type":"article","og_title":"wyLAJTOWANY Burak 3L - Wk\u0142ad 1szt. - NoToSzOK! Sklep","og_description":"Bomba witaminowa!! SK\u0141AD: T\u0142oczony sok jab\u0142kowy 55%, burak czerwony 40%, pietruszka 4,5%, Chilli Light 0,5%.","og_url":"https:\/\/notoszok.pl\/sklep\/index.php\/produkt\/wylajtowany-burak-sok-owocowo-warzywny-wklad\/","og_site_name":"NoToSzOK! Sklep","article_modified_time":"2026-03-08T17:24:26+00:00","og_image":[{"width":1170,"height":1170,"url":"https:\/\/notoszok.pl\/sklep\/wp-content\/uploads\/2023\/05\/sok-burak-wylajtowany.png","type":"image\/png"}],"twitter_card":"summary_large_image","twitter_misc":{"Szacowany czas czytania":"2 minuty"},"schema":{"@context":"https:\/\/schema.org","@graph":[{"@type":"WebPage","@id":"https:\/\/notoszok.pl\/sklep\/index.php\/produkt\/wylajtowany-burak-sok-owocowo-warzywny-wklad\/","url":"https:\/\/notoszok.pl\/sklep\/index.php\/produkt\/wylajtowany-burak-sok-owocowo-warzywny-wklad\/","name":"wyLAJTOWANY Burak 3L - Wk\u0142ad 1szt. - NoToSzOK! Sklep","isPartOf":{"@id":"https:\/\/notoszok.pl\/sklep\/#website"},"primaryImageOfPage":{"@id":"https:\/\/notoszok.pl\/sklep\/index.php\/produkt\/wylajtowany-burak-sok-owocowo-warzywny-wklad\/#primaryimage"},"image":{"@id":"https:\/\/notoszok.pl\/sklep\/index.php\/produkt\/wylajtowany-burak-sok-owocowo-warzywny-wklad\/#primaryimage"},"thumbnailUrl":"https:\/\/notoszok.pl\/sklep\/wp-content\/uploads\/2023\/05\/sok-burak-wylajtowany.png","datePublished":"2023-06-01T20:53:44+00:00","dateModified":"2026-03-08T17:24:26+00:00","description":"Bomba witaminowa!! SK\u0141AD: T\u0142oczony sok jab\u0142kowy 55%, burak czerwony 40%, pietruszka 4,5%, Chilli Light 0,5%.","breadcrumb":{"@id":"https:\/\/notoszok.pl\/sklep\/index.php\/produkt\/wylajtowany-burak-sok-owocowo-warzywny-wklad\/#breadcrumb"},"inLanguage":"pl-PL","potentialAction":[{"@type":"ReadAction","target":["https:\/\/notoszok.pl\/sklep\/index.php\/produkt\/wylajtowany-burak-sok-owocowo-warzywny-wklad\/"]}]},{"@type":"ImageObject","inLanguage":"pl-PL","@id":"https:\/\/notoszok.pl\/sklep\/index.php\/produkt\/wylajtowany-burak-sok-owocowo-warzywny-wklad\/#primaryimage","url":"https:\/\/notoszok.pl\/sklep\/wp-content\/uploads\/2023\/05\/sok-burak-wylajtowany.png","contentUrl":"https:\/\/notoszok.pl\/sklep\/wp-content\/uploads\/2023\/05\/sok-burak-wylajtowany.png","width":1170,"height":1170},{"@type":"BreadcrumbList","@id":"https:\/\/notoszok.pl\/sklep\/index.php\/produkt\/wylajtowany-burak-sok-owocowo-warzywny-wklad\/#breadcrumb","itemListElement":[{"@type":"ListItem","position":1,"name":"Strona g\u0142\u00f3wna","item":"https:\/\/notoszok.pl\/sklep\/"},{"@type":"ListItem","position":2,"name":"Sklep","item":"https:\/\/notoszok.pl\/sklep\/"},{"@type":"ListItem","position":3,"name":"wyLAJTOWANY Burak 3L &#8211; Wk\u0142ad 1szt."}]},{"@type":"WebSite","@id":"https:\/\/notoszok.pl\/sklep\/#website","url":"https:\/\/notoszok.pl\/sklep\/","name":"NoToSzOK! Sklep","description":"Soki Naturalne","publisher":{"@id":"https:\/\/notoszok.pl\/sklep\/#organization"},"potentialAction":[{"@type":"SearchAction","target":{"@type":"EntryPoint","urlTemplate":"https:\/\/notoszok.pl\/sklep\/?s={search_term_string}"},"query-input":{"@type":"PropertyValueSpecification","valueRequired":true,"valueName":"search_term_string"}}],"inLanguage":"pl-PL"},{"@type":"Organization","@id":"https:\/\/notoszok.pl\/sklep\/#organization","name":"NoToSzOK! Sklep","url":"https:\/\/notoszok.pl\/sklep\/","logo":{"@type":"ImageObject","inLanguage":"pl-PL","@id":"https:\/\/notoszok.pl\/sklep\/#\/schema\/logo\/image\/","url":"https:\/\/notoszok.pl\/sklep\/wp-content\/uploads\/2023\/05\/notoszok-kolorowe-logo.png","contentUrl":"https:\/\/notoszok.pl\/sklep\/wp-content\/uploads\/2023\/05\/notoszok-kolorowe-logo.png","width":1920,"height":2136,"caption":"NoToSzOK! Sklep"},"image":{"@id":"https:\/\/notoszok.pl\/sklep\/#\/schema\/logo\/image\/"}}]}},"jetpack_sharing_enabled":true,"_links":{"self":[{"href":"https:\/\/notoszok.pl\/sklep\/index.php\/wp-json\/wp\/v2\/product\/91","targetHints":{"allow":["GET"]}}],"collection":[{"href":"https:\/\/notoszok.pl\/sklep\/index.php\/wp-json\/wp\/v2\/product"}],"about":[{"href":"https:\/\/notoszok.pl\/sklep\/index.php\/wp-json\/wp\/v2\/types\/product"}],"replies":[{"embeddable":true,"href":"https:\/\/notoszok.pl\/sklep\/index.php\/wp-json\/wp\/v2\/comments?post=91"}],"wp:featuredmedia":[{"embeddable":true,"href":"https:\/\/notoszok.pl\/sklep\/index.php\/wp-json\/wp\/v2\/media\/365"}],"wp:attachment":[{"href":"https:\/\/notoszok.pl\/sklep\/index.php\/wp-json\/wp\/v2\/media?parent=91"}],"wp:term":[{"taxonomy":"product_brand","embeddable":true,"href":"https:\/\/notoszok.pl\/sklep\/index.php\/wp-json\/wp\/v2\/product_brand?post=91"},{"taxonomy":"product_cat","embeddable":true,"href":"https:\/\/notoszok.pl\/sklep\/index.php\/wp-json\/wp\/v2\/product_cat?post=91"},{"taxonomy":"product_tag","embeddable":true,"href":"https:\/\/notoszok.pl\/sklep\/index.php\/wp-json\/wp\/v2\/product_tag?post=91"}],"curies":[{"name":"wp","href":"https:\/\/api.w.org\/{rel}","templated":true}]}}